{"id":547,"date":"2020-06-29T14:43:23","date_gmt":"2020-06-29T12:43:23","guid":{"rendered":"http:\/\/sofimediat.fr\/montcalm\/chambre-simple\/"},"modified":"2020-08-25T14:20:20","modified_gmt":"2020-08-25T12:20:20","slug":"business-room","status":"publish","type":"page","link":"https:\/\/www.parisdissyhotel.com\/en\/business-room\/","title":{"rendered":"chambre business"},"content":{"rendered":"\n\t<section class=\"section\" id=\"section_1696604448\">\n\t\t<div class=\"bg section-bg fill bg-fill  bg-loaded\" >\n\n\t\t\t\n\t\t\t<button class=\"scroll-for-more z-5 icon absolute bottom h-center\"><i class=\"icon-angle-down\" style=\"font-size:42px;\"><\/i><\/button>\n\t\t\t\n\n\t\t<\/div>\n\n\t\t<div class=\"section-content relative\">\n\t\t\t\n\n<div class=\"slider-wrapper relative hide-for-medium\" id=\"slider-236402143\" >\n    <div class=\"slider slider-type-fade slider-nav-circle slider-nav-large slider-nav-light slider-style-normal\"\n        data-flickity-options='{\n            \"cellAlign\": \"center\",\n            \"imagesLoaded\": true,\n            \"lazyLoad\": 1,\n            \"freeScroll\": false,\n            \"wrapAround\": true,\n            \"autoPlay\": 6000,\n            \"pauseAutoPlayOnHover\" : true,\n            \"prevNextButtons\": true,\n            \"contain\" : true,\n            \"adaptiveHeight\" : true,\n            \"dragThreshold\" : 10,\n            \"percentPosition\": true,\n            \"pageDots\": false,\n            \"rightToLeft\": false,\n            \"draggable\": true,\n            \"selectedAttraction\": 0.1,\n            \"parallax\" : 0,\n            \"friction\": 0.6        }'\n        >\n        \n\n\n  <div class=\"banner has-hover is-full-height\" id=\"banner-464445437\">\n          <div class=\"banner-inner fill\">\n        <div class=\"banner-bg fill\" >\n            <div class=\"bg fill bg-fill \"><\/div>\n                                    \n                    <\/div>\n        <div class=\"banner-layers container\">\n            <div class=\"fill banner-link\"><\/div>            \n\n\n        <\/div>\n      <\/div>\n\n            \n<style>\n#banner-464445437 {\n  padding-top: 100%;\n}\n#banner-464445437 .bg.bg-loaded {\n  background-image: url(https:\/\/www.parisdissyhotel.com\/wp-content\/uploads\/2020\/08\/Paris-dIssy-Chambre-Single-2.jpg);\n}\n<\/style>\n  <\/div>\n\n\n\n  <div class=\"banner has-hover is-full-height\" id=\"banner-1093985580\">\n          <div class=\"banner-inner fill\">\n        <div class=\"banner-bg fill\" >\n            <div class=\"bg fill bg-fill \"><\/div>\n                                    \n                    <\/div>\n        <div class=\"banner-layers container\">\n            <div class=\"fill banner-link\"><\/div>            \n\n\n        <\/div>\n      <\/div>\n\n            \n<style>\n#banner-1093985580 {\n  padding-top: 100%;\n}\n#banner-1093985580 .bg.bg-loaded {\n  background-image: url(https:\/\/www.parisdissyhotel.com\/wp-content\/uploads\/2020\/08\/Paris-dIssy-Chambre-Single.jpg);\n}\n<\/style>\n  <\/div>\n\n\n\n     <\/div>\n\n     <div class=\"loading-spin dark large centered\"><\/div>\n\n     <\/div>\n\n\n<div class=\"slider-wrapper relative show-for-medium\" id=\"slider-1838952586\" >\n    <div class=\"slider slider-type-fade slider-nav-circle slider-nav-large slider-nav-light slider-style-normal\"\n        data-flickity-options='{\n            \"cellAlign\": \"center\",\n            \"imagesLoaded\": true,\n            \"lazyLoad\": 1,\n            \"freeScroll\": false,\n            \"wrapAround\": true,\n            \"autoPlay\": 6000,\n            \"pauseAutoPlayOnHover\" : true,\n            \"prevNextButtons\": false,\n            \"contain\" : true,\n            \"adaptiveHeight\" : true,\n            \"dragThreshold\" : 10,\n            \"percentPosition\": true,\n            \"pageDots\": false,\n            \"rightToLeft\": false,\n            \"draggable\": true,\n            \"selectedAttraction\": 0.1,\n            \"parallax\" : 0,\n            \"friction\": 0.6        }'\n        >\n        \n\n\n  <div class=\"banner has-hover is-full-height\" id=\"banner-1709453\">\n          <div class=\"banner-inner fill\">\n        <div class=\"banner-bg fill\" >\n            <div class=\"bg fill bg-fill \"><\/div>\n                                    \n                    <\/div>\n        <div class=\"banner-layers container\">\n            <div class=\"fill banner-link\"><\/div>            \n\n\n        <\/div>\n      <\/div>\n\n            \n<style>\n#banner-1709453 {\n  padding-top: 99.99%;\n}\n#banner-1709453 .bg.bg-loaded {\n  background-image: url(https:\/\/www.parisdissyhotel.com\/wp-content\/uploads\/2020\/08\/Paris-dIssy-Chambre-Single-2-1024x683.jpg);\n}\n@media (min-width:550px) {\n  #banner-1709453 {\n    padding-top: 56.25%;\n  }\n}\n@media (min-width:850px) {\n  #banner-1709453 {\n    padding-top: 100%;\n  }\n}\n<\/style>\n  <\/div>\n\n\n\n     <\/div>\n\n     <div class=\"loading-spin dark large centered\"><\/div>\n\n     <\/div>\n\n\n\n\t\t<\/div>\n\n\t\t\n<style>\n#section_1696604448 {\n  padding-top: 0px;\n  padding-bottom: 0px;\n}\n<\/style>\n\t<\/section>\n\t\n\t<section class=\"section bg-section\" id=\"section_1575487461\">\n\t\t<div class=\"bg section-bg fill bg-fill  bg-loaded\" >\n\n\t\t\t\n\t\t\t\n\t\t\t\n\n\t\t<\/div>\n\n\t\t<div class=\"section-content relative\">\n\t\t\t\n\n<div class=\"row row-collapse\"  id=\"row-263613422\">\n\n\n\t<div id=\"col-1387659353\" class=\"col small-12 large-12\"  >\n\t\t<div class=\"col-inner dark\"  >\n\t\t\t\n\t\t\t\n\n<h1 class=\"titre-home\" style=\"text-align: center;\"><strong>Business room<\/strong><\/h1>\n<h2 style=\"text-align: center; font-style: italic;\">1 person &#8211; 1 single bed<\/h2>\n\n\t\t<\/div>\n\t\t\n<style>\n#col-1387659353 > .col-inner {\n  padding: 0px 0px 0 0px;\n  margin: 0px 0px 0 0px;\n}\n<\/style>\n\t<\/div>\n\n\t\n\n<\/div>\n\n\t\t<\/div>\n\n\t\t\n<style>\n#section_1575487461 {\n  padding-top: 30px;\n  padding-bottom: 30px;\n}\n<\/style>\n\t<\/section>\n\t\n\t<section class=\"section\" id=\"section_1507005154\">\n\t\t<div class=\"bg section-bg fill bg-fill  bg-loaded\" >\n\n\t\t\t\n\t\t\t\n\t\t\t\n\n\t\t<\/div>\n\n\t\t<div class=\"section-content relative\">\n\t\t\t\n\n<div class=\"row\"  id=\"row-1056900205\">\n\n\n\t<div id=\"col-769163562\" class=\"col medium-7 small-12 large-7\"  data-animate=\"fadeInLeft\">\n\t\t<div class=\"col-inner\"  >\n\t\t\t\n\t\t\t\n\n<p>Covering an area of 10 m\u00b2, the comfortable and functional business room includes one bed 90 x 200.<\/p>\n<p>Bright bathroom with WC and shower.<\/p>\n<a rel=\"noopener noreferrer\" href=\"https:\/\/www.secure-hotel-booking.com\/smart\/Hotel-de-la-Mairie\/2EEW\/en\/\" target=\"_blank\" class=\"button primary is-underline expand\"  >\n    <span>Book your room<\/span>\n  <\/a>\n\n\n<div class=\"text-center\"><div class=\"is-divider divider clearfix\" style=\"max-width:0px;\"><\/div><\/div>\n\n\n  \n    <div class=\"row large-columns-2 medium-columns- small-columns-\">\n          <div class=\"gallery-col col\" >\n          <div class=\"col-inner\">\n            <a class=\"image-lightbox lightbox-gallery\" href=\"https:\/\/www.parisdissyhotel.com\/wp-content\/uploads\/2020\/08\/Paris-dIssy-Chambre-Single-2.jpg\" title=\"\">            <div class=\"box has-hover gallery-box box-none\">\n              <div class=\"box-image image-grayscale box-shadow-3\" >\n                <img decoding=\"async\" width=\"300\" height=\"200\" src=\"https:\/\/www.parisdissyhotel.com\/wp-content\/uploads\/2020\/08\/Paris-dIssy-Chambre-Single-2-300x200.jpg\" class=\"attachment-medium size-medium\" alt=\"Paris d&#039;Issy H\u00f4tel Porte de Versailles\" ids=\"735,732\" style=\"none\" lightbox_image_size=\"original\" columns=\"2\" depth=\"3\" image_size=\"medium\" image_hover=\"grayscale\" srcset=\"https:\/\/www.parisdissyhotel.com\/wp-content\/uploads\/2020\/08\/Paris-dIssy-Chambre-Single-2-300x200.jpg 300w, https:\/\/www.parisdissyhotel.com\/wp-content\/uploads\/2020\/08\/Paris-dIssy-Chambre-Single-2-1024x683.jpg 1024w, https:\/\/www.parisdissyhotel.com\/wp-content\/uploads\/2020\/08\/Paris-dIssy-Chambre-Single-2-768x512.jpg 768w, https:\/\/www.parisdissyhotel.com\/wp-content\/uploads\/2020\/08\/Paris-dIssy-Chambre-Single-2-1536x1024.jpg 1536w, https:\/\/www.parisdissyhotel.com\/wp-content\/uploads\/2020\/08\/Paris-dIssy-Chambre-Single-2.jpg 1800w\" sizes=\"(max-width: 300px) 100vw, 300px\" \/>                                                              <\/div>\n              <div class=\"box-text text-left\" >\n                 <p><\/p>\n              <\/div>\n            <\/div>\n            <\/a>          <\/div>\n         <\/div>\n                 <div class=\"gallery-col col\" >\n          <div class=\"col-inner\">\n            <a class=\"image-lightbox lightbox-gallery\" href=\"https:\/\/www.parisdissyhotel.com\/wp-content\/uploads\/2020\/08\/Paris-dIssy-Chambre-Single.jpg\" title=\"\">            <div class=\"box has-hover gallery-box box-none\">\n              <div class=\"box-image image-grayscale box-shadow-3\" >\n                <img decoding=\"async\" width=\"300\" height=\"200\" src=\"https:\/\/www.parisdissyhotel.com\/wp-content\/uploads\/2020\/08\/Paris-dIssy-Chambre-Single-300x200.jpg\" class=\"attachment-medium size-medium\" alt=\"Paris d&#039;Issy H\u00f4tel Porte de Versailles\" ids=\"735,732\" style=\"none\" lightbox_image_size=\"original\" columns=\"2\" depth=\"3\" image_size=\"medium\" image_hover=\"grayscale\" srcset=\"https:\/\/www.parisdissyhotel.com\/wp-content\/uploads\/2020\/08\/Paris-dIssy-Chambre-Single-300x200.jpg 300w, https:\/\/www.parisdissyhotel.com\/wp-content\/uploads\/2020\/08\/Paris-dIssy-Chambre-Single-1024x683.jpg 1024w, https:\/\/www.parisdissyhotel.com\/wp-content\/uploads\/2020\/08\/Paris-dIssy-Chambre-Single-768x512.jpg 768w, https:\/\/www.parisdissyhotel.com\/wp-content\/uploads\/2020\/08\/Paris-dIssy-Chambre-Single-1536x1024.jpg 1536w, https:\/\/www.parisdissyhotel.com\/wp-content\/uploads\/2020\/08\/Paris-dIssy-Chambre-Single.jpg 1800w\" sizes=\"(max-width: 300px) 100vw, 300px\" \/>                                                              <\/div>\n              <div class=\"box-text text-left\" >\n                 <p><\/p>\n              <\/div>\n            <\/div>\n            <\/a>          <\/div>\n         <\/div>\n         <\/div>\n\n\n\t\t<\/div>\n\t\t\n<style>\n#col-769163562 > .col-inner {\n  padding: 10px 0px 0px 0px;\n}\n<\/style>\n\t<\/div>\n\n\t\n\n\t<div id=\"col-940074344\" class=\"col medium-5 small-12 large-5\"  data-animate=\"fadeInRight\">\n\t\t<div class=\"col-inner box-shadow-3 dark\" style=\"background-color:#1a5577;border-radius:10px;\" >\n\t\t\t\n\t\t\t\n\n<h3 style=\"color: #ffffff!important;\">Facilities<\/h3>\n<ul>\n<li>10 m2<\/li>\n<li>Class comfort Epeda bedding<\/li>\n<li>Corner office<\/li>\n<li>Anti-mite flooring<\/li>\n<li>Blackout curtains<\/li>\n<li>Courtesy tray with tea, coffee and decaffeinated coffee<\/li>\n<li>Individual air conditioning<\/li>\n<li>Flat screen TV with sports channels and Canal +<\/li>\n<li>Safe<\/li>\n<li>WiFi<\/li>\n<li>Cabinet<\/li>\n<li>Bedside lamp and adjustable reading light<\/li>\n<li>Home products<\/li>\n<li>Hair dryer<\/li>\n<li>Fully equipped bathroom<\/li>\n<li>Bath sheets and towels<\/li>\n<\/ul>\n\n\t\t<\/div>\n\t\t\n<style>\n#col-940074344 > .col-inner {\n  padding: 10px 10px 10px 10px;\n}\n<\/style>\n\t<\/div>\n\n\t\n\n<\/div>\n\n\t\t<\/div>\n\n\t\t\n<style>\n#section_1507005154 {\n  padding-top: 0px;\n  padding-bottom: 0px;\n}\n<\/style>\n\t<\/section>\n\t\n","protected":false},"excerpt":{"rendered":"","protected":false},"author":1,"featured_media":0,"parent":0,"menu_order":0,"comment_status":"closed","ping_status":"closed","template":"page-transparent-header.php","meta":{"footnotes":""},"class_list":["post-547","page","type-page","status-publish","hentry"],"yoast_head":"<!-- This site is optimized with the Yoast SEO plugin v23.8 - https:\/\/yoast.com\/wordpress\/plugins\/seo\/ -->\n<title>Business room - Paris d&#039;Issy h\u00f4tel proche Paris Porte de Versailles<\/title>\n<meta name=\"description\" content=\"Covering an area of xx m\u00b2, the comfortable and functional business room includes one bed 90 x 200. Bright bathroom with WC and shower.\" \/>\n<meta name=\"robots\" content=\"index, follow, max-snippet:-1, max-image-preview:large, max-video-preview:-1\" \/>\n<link rel=\"canonical\" href=\"https:\/\/www.parisdissyhotel.com\/en\/business-room\/\" \/>\n<meta property=\"og:locale\" content=\"en_US\" \/>\n<meta property=\"og:type\" content=\"article\" \/>\n<meta property=\"og:title\" content=\"Business room - Paris d&#039;Issy h\u00f4tel proche Paris Porte de Versailles\" \/>\n<meta property=\"og:description\" content=\"Covering an area of xx m\u00b2, the comfortable and functional business room includes one bed 90 x 200. Bright bathroom with WC and shower.\" \/>\n<meta property=\"og:url\" content=\"https:\/\/www.parisdissyhotel.com\/en\/business-room\/\" \/>\n<meta property=\"og:site_name\" content=\"Paris d&#039;Issy H\u00f4tel\" \/>\n<meta property=\"article:modified_time\" content=\"2020-08-25T12:20:20+00:00\" \/>\n<meta name=\"twitter:card\" content=\"summary_large_image\" \/>\n<meta name=\"twitter:label1\" content=\"Est. reading time\" \/>\n\t<meta name=\"twitter:data1\" content=\"1 minute\" \/>\n<script type=\"application\/ld+json\" class=\"yoast-schema-graph\">{\"@context\":\"https:\/\/schema.org\",\"@graph\":[{\"@type\":\"WebPage\",\"@id\":\"https:\/\/www.parisdissyhotel.com\/en\/business-room\/\",\"url\":\"https:\/\/www.parisdissyhotel.com\/en\/business-room\/\",\"name\":\"Business room - Paris d'Issy h\u00f4tel proche Paris Porte de Versailles\",\"isPartOf\":{\"@id\":\"https:\/\/www.parisdissyhotel.com\/#website\"},\"datePublished\":\"2020-06-29T12:43:23+00:00\",\"dateModified\":\"2020-08-25T12:20:20+00:00\",\"description\":\"Covering an area of xx m\u00b2, the comfortable and functional business room includes one bed 90 x 200. Bright bathroom with WC and shower.\",\"breadcrumb\":{\"@id\":\"https:\/\/www.parisdissyhotel.com\/en\/business-room\/#breadcrumb\"},\"inLanguage\":\"en-US\",\"potentialAction\":[{\"@type\":\"ReadAction\",\"target\":[\"https:\/\/www.parisdissyhotel.com\/en\/business-room\/\"]}]},{\"@type\":\"BreadcrumbList\",\"@id\":\"https:\/\/www.parisdissyhotel.com\/en\/business-room\/#breadcrumb\",\"itemListElement\":[{\"@type\":\"ListItem\",\"position\":1,\"name\":\"Accueil\",\"item\":\"https:\/\/www.parisdissyhotel.com\/en\/\"},{\"@type\":\"ListItem\",\"position\":2,\"name\":\"chambre business\"}]},{\"@type\":\"WebSite\",\"@id\":\"https:\/\/www.parisdissyhotel.com\/#website\",\"url\":\"https:\/\/www.parisdissyhotel.com\/\",\"name\":\"Paris d&#039;Issy H\u00f4tel\",\"description\":\"H\u00f4tel 3 \u00e9toiles Paris Porte de Versailles\",\"potentialAction\":[{\"@type\":\"SearchAction\",\"target\":{\"@type\":\"EntryPoint\",\"urlTemplate\":\"https:\/\/www.parisdissyhotel.com\/?s={search_term_string}\"},\"query-input\":{\"@type\":\"PropertyValueSpecification\",\"valueRequired\":true,\"valueName\":\"search_term_string\"}}],\"inLanguage\":\"en-US\"}]}<\/script>\n<!-- \/ Yoast SEO plugin. -->","yoast_head_json":{"title":"Business room - Paris d'Issy h\u00f4tel proche Paris Porte de Versailles","description":"Covering an area of xx m\u00b2, the comfortable and functional business room includes one bed 90 x 200. Bright bathroom with WC and shower.","robots":{"index":"index","follow":"follow","max-snippet":"max-snippet:-1","max-image-preview":"max-image-preview:large","max-video-preview":"max-video-preview:-1"},"canonical":"https:\/\/www.parisdissyhotel.com\/en\/business-room\/","og_locale":"en_US","og_type":"article","og_title":"Business room - Paris d'Issy h\u00f4tel proche Paris Porte de Versailles","og_description":"Covering an area of xx m\u00b2, the comfortable and functional business room includes one bed 90 x 200. Bright bathroom with WC and shower.","og_url":"https:\/\/www.parisdissyhotel.com\/en\/business-room\/","og_site_name":"Paris d&#039;Issy H\u00f4tel","article_modified_time":"2020-08-25T12:20:20+00:00","twitter_card":"summary_large_image","twitter_misc":{"Est. reading time":"1 minute"},"schema":{"@context":"https:\/\/schema.org","@graph":[{"@type":"WebPage","@id":"https:\/\/www.parisdissyhotel.com\/en\/business-room\/","url":"https:\/\/www.parisdissyhotel.com\/en\/business-room\/","name":"Business room - Paris d'Issy h\u00f4tel proche Paris Porte de Versailles","isPartOf":{"@id":"https:\/\/www.parisdissyhotel.com\/#website"},"datePublished":"2020-06-29T12:43:23+00:00","dateModified":"2020-08-25T12:20:20+00:00","description":"Covering an area of xx m\u00b2, the comfortable and functional business room includes one bed 90 x 200. Bright bathroom with WC and shower.","breadcrumb":{"@id":"https:\/\/www.parisdissyhotel.com\/en\/business-room\/#breadcrumb"},"inLanguage":"en-US","potentialAction":[{"@type":"ReadAction","target":["https:\/\/www.parisdissyhotel.com\/en\/business-room\/"]}]},{"@type":"BreadcrumbList","@id":"https:\/\/www.parisdissyhotel.com\/en\/business-room\/#breadcrumb","itemListElement":[{"@type":"ListItem","position":1,"name":"Accueil","item":"https:\/\/www.parisdissyhotel.com\/en\/"},{"@type":"ListItem","position":2,"name":"chambre business"}]},{"@type":"WebSite","@id":"https:\/\/www.parisdissyhotel.com\/#website","url":"https:\/\/www.parisdissyhotel.com\/","name":"Paris d&#039;Issy H\u00f4tel","description":"H\u00f4tel 3 \u00e9toiles Paris Porte de Versailles","potentialAction":[{"@type":"SearchAction","target":{"@type":"EntryPoint","urlTemplate":"https:\/\/www.parisdissyhotel.com\/?s={search_term_string}"},"query-input":{"@type":"PropertyValueSpecification","valueRequired":true,"valueName":"search_term_string"}}],"inLanguage":"en-US"}]}},"_links":{"self":[{"href":"https:\/\/www.parisdissyhotel.com\/en\/wp-json\/wp\/v2\/pages\/547","targetHints":{"allow":["GET"]}}],"collection":[{"href":"https:\/\/www.parisdissyhotel.com\/en\/wp-json\/wp\/v2\/pages"}],"about":[{"href":"https:\/\/www.parisdissyhotel.com\/en\/wp-json\/wp\/v2\/types\/page"}],"author":[{"embeddable":true,"href":"https:\/\/www.parisdissyhotel.com\/en\/wp-json\/wp\/v2\/users\/1"}],"replies":[{"embeddable":true,"href":"https:\/\/www.parisdissyhotel.com\/en\/wp-json\/wp\/v2\/comments?post=547"}],"version-history":[{"count":7,"href":"https:\/\/www.parisdissyhotel.com\/en\/wp-json\/wp\/v2\/pages\/547\/revisions"}],"predecessor-version":[{"id":944,"href":"https:\/\/www.parisdissyhotel.com\/en\/wp-json\/wp\/v2\/pages\/547\/revisions\/944"}],"wp:attachment":[{"href":"https:\/\/www.parisdissyhotel.com\/en\/wp-json\/wp\/v2\/media?parent=547"}],"curies":[{"name":"wp","href":"https:\/\/api.w.org\/{rel}","templated":true}]}}