{"id":537,"date":"2020-06-30T11:43:57","date_gmt":"2020-06-30T09:43:57","guid":{"rendered":"http:\/\/sofimediat.fr\/montcalm\/offres\/"},"modified":"2024-02-22T15:22:36","modified_gmt":"2024-02-22T14:22:36","slug":"offers","status":"publish","type":"page","link":"https:\/\/www.parisdissyhotel.com\/en\/offers\/","title":{"rendered":"Offres"},"content":{"rendered":"\n\t<section class=\"section bg-section\" id=\"section_1733363980\">\n\t\t<div class=\"bg section-bg fill bg-fill  bg-loaded\" >\n\n\t\t\t\n\t\t\t\n\t\t\t\n\n\t\t<\/div>\n\n\t\t<div class=\"section-content relative\">\n\t\t\t\n\n<div class=\"row row-collapse\"  id=\"row-249577713\">\n\n\n\t<div id=\"col-855717436\" class=\"col small-12 large-12\"  >\n\t\t<div class=\"col-inner dark\"  >\n\t\t\t\n\t\t\t\n\n<h1 class=\"titre-home\" style=\"text-align: center; margin-bottom: 30px;\"><strong>Our offers<\/strong><\/h1>\n<h2 style=\"text-align: center;\">\nBest available rates guaranteed<\/h2>\n\n\t\t<\/div>\n\t\t\n<style>\n#col-855717436 > .col-inner {\n  padding: 0px 20px 0px 20px;\n  margin: 0px 0px 0 0px;\n}\n<\/style>\n\t<\/div>\n\n\t\n\n<\/div>\n\n\t\t<\/div>\n\n\t\t\n<style>\n#section_1733363980 {\n  padding-top: 30px;\n  padding-bottom: 30px;\n}\n<\/style>\n\t<\/section>\n\t\n\t<section class=\"section\" id=\"section_1214371084\">\n\t\t<div class=\"bg section-bg fill bg-fill  \" >\n\n\t\t\t\n\t\t\t\n\t\t\t\n\n\t\t<\/div>\n\n\t\t<div class=\"section-content relative\">\n\t\t\t\n\n\n\t\t<\/div>\n\n\t\t\n<style>\n#section_1214371084 {\n  padding-top: 0px;\n  padding-bottom: 0px;\n  min-height: 250px;\n}\n#section_1214371084 .section-bg.bg-loaded {\n  background-image: url(https:\/\/www.parisdissyhotel.com\/wp-content\/uploads\/2020\/08\/Paris-dIssy-Reception-2.jpg);\n}\n#section_1214371084 .section-bg {\n  background-position: 35% 48%;\n}\n<\/style>\n\t<\/section>\n\t\n\t<section class=\"section\" id=\"section_508642088\">\n\t\t<div class=\"bg section-bg fill bg-fill  bg-loaded\" >\n\n\t\t\t\n\t\t\t<div class=\"section-bg-overlay absolute fill\"><\/div>\n\t\t\t\n\n\t\t<\/div>\n\n\t\t<div class=\"section-content relative\">\n\t\t\t\n\n<div class=\"row row-large row-full-width align-middle align-center\"  id=\"row-1390201895\">\n\n\n\t<div id=\"col-500520640\" class=\"col medium-12 small-12 large-6\"  data-animate=\"fadeInLeft\">\n\t\t<div class=\"col-inner\"  >\n\t\t\t\n\t\t\t\n\n<div class=\"row row-collapse align-middle align-center\"  id=\"row-850002953\">\n\n\n\t<div id=\"col-333898038\" class=\"col medium-8 small-12 large-8\"  >\n\t\t<div class=\"col-inner\"  >\n\t\t\t\n\t\t\t\n\n<h2>Non-Refundable Rate &#8211; Non-cancellable \/ non-modifiable prepayment<\/h2>\n<p>15% additional reduction on the flexible rate<\/p>\n<a href=\"tel:+33146440290\" target=\"_self\" class=\"button primary is-outline is-small expand show-for-medium\"  style=\"border-radius:99px;\">\n    <span>Appelez-nous !<\/span>\n  <\/a>\n\n\n<a rel=\"noopener noreferrer\" href=\"https:\/\/www.secure-hotel-booking.com\/smart\/Hotel-de-la-Mairie\/2EEW\/en\/\" target=\"_blank\" class=\"button primary is-small expand\"  style=\"border-radius:99px;\">\n    <span>Online booking<\/span>\n  <\/a>\n\n\n\n\t\t<\/div>\n\t\t\t<\/div>\n\n\t\n\n<\/div>\n\n\t\t<\/div>\n\t\t\t<\/div>\n\n\t\n\n\t<div id=\"col-532649662\" class=\"col medium-10 small-12 large-6\"  data-animate=\"fadeInRight\">\n\t\t<div class=\"col-inner\"  >\n\t\t\t\n\t\t\t\n\n\t<div class=\"img has-hover x md-x lg-x y md-y lg-y\" id=\"image_457033241\">\n\t\t<a class=\"\" href=\"#\"  >\t\t\t\t\t\t<div class=\"img-inner image-grayscale box-shadow-3 dark\" >\n\t\t\t<img decoding=\"async\" width=\"1020\" height=\"680\" src=\"https:\/\/www.parisdissyhotel.com\/wp-content\/uploads\/2020\/08\/Paris-dIssy-Chambre-Superieure-5-1024x683.jpg\" class=\"attachment-large size-large\" alt=\"Paris d&#039;Issy H\u00f4tel Porte de Versailles\" srcset=\"https:\/\/www.parisdissyhotel.com\/wp-content\/uploads\/2020\/08\/Paris-dIssy-Chambre-Superieure-5-1024x683.jpg 1024w, https:\/\/www.parisdissyhotel.com\/wp-content\/uploads\/2020\/08\/Paris-dIssy-Chambre-Superieure-5-300x200.jpg 300w, https:\/\/www.parisdissyhotel.com\/wp-content\/uploads\/2020\/08\/Paris-dIssy-Chambre-Superieure-5-768x512.jpg 768w, https:\/\/www.parisdissyhotel.com\/wp-content\/uploads\/2020\/08\/Paris-dIssy-Chambre-Superieure-5-1536x1024.jpg 1536w, https:\/\/www.parisdissyhotel.com\/wp-content\/uploads\/2020\/08\/Paris-dIssy-Chambre-Superieure-5.jpg 1800w\" sizes=\"(max-width: 1020px) 100vw, 1020px\" \/>\t\t\t\t\t\t\n\t\t\t\t\t<\/div>\n\t\t\t\t\t\t<\/a>\t\t\n<style>\n#image_457033241 {\n  width: 100%;\n}\n<\/style>\n\t<\/div>\n\t\n\n\n\t\t<\/div>\n\t\t\t<\/div>\n\n\t\n\n<\/div>\n\n\t\t<\/div>\n\n\t\t\n<style>\n#section_508642088 {\n  padding-top: 30px;\n  padding-bottom: 30px;\n  background-color: rgb(255,255,255);\n}\n#section_508642088 .section-bg-overlay {\n  background-color: rgba(255,255,255,.5);\n}\n<\/style>\n\t<\/section>\n\t\n\t<section class=\"section\" id=\"section_2048875850\">\n\t\t<div class=\"bg section-bg fill bg-fill  bg-loaded\" >\n\n\t\t\t\n\t\t\t\n\t\t\t\n\n\t\t<\/div>\n\n\t\t<div class=\"section-content relative\">\n\t\t\t\n\n<div class=\"row row-large row-full-width align-middle align-center\"  id=\"row-1849631441\">\n\n\n\t<div id=\"col-1169534405\" class=\"col medium-10 small-12 large-6\"  data-animate=\"fadeInLeft\">\n\t\t<div class=\"col-inner\"  >\n\t\t\t\n\t\t\t\n\n\t<div class=\"img has-hover x md-x lg-x y md-y lg-y\" id=\"image_1785425683\">\n\t\t<a class=\"\" href=\"#\"  >\t\t\t\t\t\t<div class=\"img-inner image-grayscale box-shadow-3 dark\" >\n\t\t\t<img decoding=\"async\" width=\"1020\" height=\"680\" src=\"https:\/\/www.parisdissyhotel.com\/wp-content\/uploads\/2020\/08\/Paris-dIssy-Chambre-deLuxe-Familiale-3-1024x683.jpg\" class=\"attachment-large size-large\" alt=\"Paris d&#039;Issy H\u00f4tel Porte de Versailles\" srcset=\"https:\/\/www.parisdissyhotel.com\/wp-content\/uploads\/2020\/08\/Paris-dIssy-Chambre-deLuxe-Familiale-3-1024x683.jpg 1024w, https:\/\/www.parisdissyhotel.com\/wp-content\/uploads\/2020\/08\/Paris-dIssy-Chambre-deLuxe-Familiale-3-300x200.jpg 300w, https:\/\/www.parisdissyhotel.com\/wp-content\/uploads\/2020\/08\/Paris-dIssy-Chambre-deLuxe-Familiale-3-768x512.jpg 768w, https:\/\/www.parisdissyhotel.com\/wp-content\/uploads\/2020\/08\/Paris-dIssy-Chambre-deLuxe-Familiale-3-1536x1024.jpg 1536w, https:\/\/www.parisdissyhotel.com\/wp-content\/uploads\/2020\/08\/Paris-dIssy-Chambre-deLuxe-Familiale-3.jpg 1800w\" sizes=\"(max-width: 1020px) 100vw, 1020px\" \/>\t\t\t\t\t\t\n\t\t\t\t\t<\/div>\n\t\t\t\t\t\t<\/a>\t\t\n<style>\n#image_1785425683 {\n  width: 100%;\n}\n<\/style>\n\t<\/div>\n\t\n\n\n\t\t<\/div>\n\t\t\t<\/div>\n\n\t\n\n\t<div id=\"col-582324994\" class=\"col medium-12 small-12 large-6 medium-col-first\"  data-animate=\"fadeInRight\">\n\t\t<div class=\"col-inner\"  >\n\t\t\t\n\t\t\t\n\n<div class=\"row row-collapse align-center\"  id=\"row-1979399666\">\n\n\n\t<div id=\"col-1897547983\" class=\"col medium-8 small-12 large-8\"  >\n\t\t<div class=\"col-inner\"  >\n\t\t\t\n\t\t\t\n\n<h2>Flexible rate<\/h2>\n<p>Flexible rate cancellable and modifiable up to 24 hours before the arrival date. No online payment requested.<\/p>\n<a href=\"tel:+33146440290\" target=\"_self\" class=\"button primary is-outline is-small expand show-for-medium\"  style=\"border-radius:99px;\">\n    <span>Appelez-nous !<\/span>\n  <\/a>\n\n\n<a rel=\"noopener noreferrer\" href=\"https:\/\/www.secure-hotel-booking.com\/smart\/Hotel-de-la-Mairie\/2EEW\/en\/\" target=\"_blank\" class=\"button primary is-small expand\"  style=\"border-radius:99px;\">\n    <span>Online booking<\/span>\n  <\/a>\n\n\n\n\t\t<\/div>\n\t\t\t<\/div>\n\n\t\n\n<\/div>\n\n\t\t<\/div>\n\t\t\t<\/div>\n\n\t\n\n<\/div>\n\n\t\t<\/div>\n\n\t\t\n<style>\n#section_2048875850 {\n  padding-top: 30px;\n  padding-bottom: 30px;\n}\n<\/style>\n\t<\/section>\n\t\n\n","protected":false},"excerpt":{"rendered":"","protected":false},"author":1,"featured_media":0,"parent":0,"menu_order":0,"comment_status":"closed","ping_status":"closed","template":"page-blank.php","meta":{"footnotes":""},"class_list":["post-537","page","type-page","status-publish","hentry"],"yoast_head":"<!-- This site is optimized with the Yoast SEO plugin v23.8 - https:\/\/yoast.com\/wordpress\/plugins\/seo\/ -->\n<title>Offers from the Hotel Paris d&#039;Issy *** | Hotel near Porte de Versailles<\/title>\n<meta name=\"description\" content=\"Take advantage of our special offers and save by booking online and in advance on our official website.\" \/>\n<meta name=\"robots\" content=\"index, follow, max-snippet:-1, max-image-preview:large, max-video-preview:-1\" \/>\n<link rel=\"canonical\" href=\"https:\/\/www.parisdissyhotel.com\/en\/offers\/\" \/>\n<meta property=\"og:locale\" content=\"en_US\" \/>\n<meta property=\"og:type\" content=\"article\" \/>\n<meta property=\"og:title\" content=\"Offers from the Hotel Paris d&#039;Issy *** | Hotel near Porte de Versailles\" \/>\n<meta property=\"og:description\" content=\"Take advantage of our special offers and save by booking online and in advance on our official website.\" \/>\n<meta property=\"og:url\" content=\"https:\/\/www.parisdissyhotel.com\/en\/offers\/\" \/>\n<meta property=\"og:site_name\" content=\"Paris d&#039;Issy H\u00f4tel\" \/>\n<meta property=\"article:modified_time\" content=\"2024-02-22T14:22:36+00:00\" \/>\n<meta name=\"twitter:card\" content=\"summary_large_image\" \/>\n<meta name=\"twitter:label1\" content=\"Est. reading time\" \/>\n\t<meta name=\"twitter:data1\" content=\"1 minute\" \/>\n<script type=\"application\/ld+json\" class=\"yoast-schema-graph\">{\"@context\":\"https:\/\/schema.org\",\"@graph\":[{\"@type\":\"WebPage\",\"@id\":\"https:\/\/www.parisdissyhotel.com\/en\/offers\/\",\"url\":\"https:\/\/www.parisdissyhotel.com\/en\/offers\/\",\"name\":\"Offers from the Hotel Paris d'Issy *** | Hotel near Porte de Versailles\",\"isPartOf\":{\"@id\":\"https:\/\/www.parisdissyhotel.com\/#website\"},\"datePublished\":\"2020-06-30T09:43:57+00:00\",\"dateModified\":\"2024-02-22T14:22:36+00:00\",\"description\":\"Take advantage of our special offers and save by booking online and in advance on our official website.\",\"breadcrumb\":{\"@id\":\"https:\/\/www.parisdissyhotel.com\/en\/offers\/#breadcrumb\"},\"inLanguage\":\"en-US\",\"potentialAction\":[{\"@type\":\"ReadAction\",\"target\":[\"https:\/\/www.parisdissyhotel.com\/en\/offers\/\"]}]},{\"@type\":\"BreadcrumbList\",\"@id\":\"https:\/\/www.parisdissyhotel.com\/en\/offers\/#breadcrumb\",\"itemListElement\":[{\"@type\":\"ListItem\",\"position\":1,\"name\":\"Accueil\",\"item\":\"https:\/\/www.parisdissyhotel.com\/en\/\"},{\"@type\":\"ListItem\",\"position\":2,\"name\":\"Offres\"}]},{\"@type\":\"WebSite\",\"@id\":\"https:\/\/www.parisdissyhotel.com\/#website\",\"url\":\"https:\/\/www.parisdissyhotel.com\/\",\"name\":\"Paris d&#039;Issy H\u00f4tel\",\"description\":\"H\u00f4tel 3 \u00e9toiles Paris Porte de Versailles\",\"potentialAction\":[{\"@type\":\"SearchAction\",\"target\":{\"@type\":\"EntryPoint\",\"urlTemplate\":\"https:\/\/www.parisdissyhotel.com\/?s={search_term_string}\"},\"query-input\":{\"@type\":\"PropertyValueSpecification\",\"valueRequired\":true,\"valueName\":\"search_term_string\"}}],\"inLanguage\":\"en-US\"}]}<\/script>\n<!-- \/ Yoast SEO plugin. -->","yoast_head_json":{"title":"Offers from the Hotel Paris d'Issy *** | Hotel near Porte de Versailles","description":"Take advantage of our special offers and save by booking online and in advance on our official website.","robots":{"index":"index","follow":"follow","max-snippet":"max-snippet:-1","max-image-preview":"max-image-preview:large","max-video-preview":"max-video-preview:-1"},"canonical":"https:\/\/www.parisdissyhotel.com\/en\/offers\/","og_locale":"en_US","og_type":"article","og_title":"Offers from the Hotel Paris d'Issy *** | Hotel near Porte de Versailles","og_description":"Take advantage of our special offers and save by booking online and in advance on our official website.","og_url":"https:\/\/www.parisdissyhotel.com\/en\/offers\/","og_site_name":"Paris d&#039;Issy H\u00f4tel","article_modified_time":"2024-02-22T14:22:36+00:00","twitter_card":"summary_large_image","twitter_misc":{"Est. reading time":"1 minute"},"schema":{"@context":"https:\/\/schema.org","@graph":[{"@type":"WebPage","@id":"https:\/\/www.parisdissyhotel.com\/en\/offers\/","url":"https:\/\/www.parisdissyhotel.com\/en\/offers\/","name":"Offers from the Hotel Paris d'Issy *** | Hotel near Porte de Versailles","isPartOf":{"@id":"https:\/\/www.parisdissyhotel.com\/#website"},"datePublished":"2020-06-30T09:43:57+00:00","dateModified":"2024-02-22T14:22:36+00:00","description":"Take advantage of our special offers and save by booking online and in advance on our official website.","breadcrumb":{"@id":"https:\/\/www.parisdissyhotel.com\/en\/offers\/#breadcrumb"},"inLanguage":"en-US","potentialAction":[{"@type":"ReadAction","target":["https:\/\/www.parisdissyhotel.com\/en\/offers\/"]}]},{"@type":"BreadcrumbList","@id":"https:\/\/www.parisdissyhotel.com\/en\/offers\/#breadcrumb","itemListElement":[{"@type":"ListItem","position":1,"name":"Accueil","item":"https:\/\/www.parisdissyhotel.com\/en\/"},{"@type":"ListItem","position":2,"name":"Offres"}]},{"@type":"WebSite","@id":"https:\/\/www.parisdissyhotel.com\/#website","url":"https:\/\/www.parisdissyhotel.com\/","name":"Paris d&#039;Issy H\u00f4tel","description":"H\u00f4tel 3 \u00e9toiles Paris Porte de Versailles","potentialAction":[{"@type":"SearchAction","target":{"@type":"EntryPoint","urlTemplate":"https:\/\/www.parisdissyhotel.com\/?s={search_term_string}"},"query-input":{"@type":"PropertyValueSpecification","valueRequired":true,"valueName":"search_term_string"}}],"inLanguage":"en-US"}]}},"_links":{"self":[{"href":"https:\/\/www.parisdissyhotel.com\/en\/wp-json\/wp\/v2\/pages\/537","targetHints":{"allow":["GET"]}}],"collection":[{"href":"https:\/\/www.parisdissyhotel.com\/en\/wp-json\/wp\/v2\/pages"}],"about":[{"href":"https:\/\/www.parisdissyhotel.com\/en\/wp-json\/wp\/v2\/types\/page"}],"author":[{"embeddable":true,"href":"https:\/\/www.parisdissyhotel.com\/en\/wp-json\/wp\/v2\/users\/1"}],"replies":[{"embeddable":true,"href":"https:\/\/www.parisdissyhotel.com\/en\/wp-json\/wp\/v2\/comments?post=537"}],"version-history":[{"count":24,"href":"https:\/\/www.parisdissyhotel.com\/en\/wp-json\/wp\/v2\/pages\/537\/revisions"}],"predecessor-version":[{"id":1224,"href":"https:\/\/www.parisdissyhotel.com\/en\/wp-json\/wp\/v2\/pages\/537\/revisions\/1224"}],"wp:attachment":[{"href":"https:\/\/www.parisdissyhotel.com\/en\/wp-json\/wp\/v2\/media?parent=537"}],"curies":[{"name":"wp","href":"https:\/\/api.w.org\/{rel}","templated":true}]}}