{"id":534,"date":"2020-06-18T11:47:07","date_gmt":"2020-06-18T09:47:07","guid":{"rendered":"http:\/\/sofimediat.fr\/montcalm\/chambres\/"},"modified":"2020-10-08T15:38:48","modified_gmt":"2020-10-08T13:38:48","slug":"rooms","status":"publish","type":"page","link":"https:\/\/www.parisdissyhotel.com\/en\/rooms\/","title":{"rendered":"Chambres"},"content":{"rendered":"\n\t<section class=\"section bg-section\" id=\"section_1567489506\">\n\t\t<div class=\"bg section-bg fill bg-fill  bg-loaded\" >\n\n\t\t\t\n\t\t\t\n\t\t\t\n\n\t\t<\/div>\n\n\t\t<div class=\"section-content relative\">\n\t\t\t\n\n<div class=\"row row-collapse\"  id=\"row-1926434312\">\n\n\n\t<div id=\"col-653237140\" class=\"col small-12 large-12\"  >\n\t\t<div class=\"col-inner dark\"  >\n\t\t\t\n\t\t\t\n\n<h1 class=\"titre-home\" style=\"text-align: center;\"><strong>Rooms that combine <\/strong><\/h1>\n<h2 style=\"text-align: center; font-style: italic;\">\u00ab comfort and modernity \u00bb<\/h2>\n\n\t\t<\/div>\n\t\t\n<style>\n#col-653237140 > .col-inner {\n  padding: 30px 0px 0px 0px;\n  margin: 0px 0px 0 0px;\n}\n<\/style>\n\t<\/div>\n\n\t\n\n<\/div>\n\n\t\t<\/div>\n\n\t\t\n<style>\n#section_1567489506 {\n  padding-top: 0px;\n  padding-bottom: 0px;\n}\n<\/style>\n\t<\/section>\n\t\n\t<section class=\"section\" id=\"section_1177610523\">\n\t\t<div class=\"bg section-bg fill bg-fill  bg-loaded\" >\n\n\t\t\t\n\t\t\t\n\t\t\t\n\n\t\t<\/div>\n\n\t\t<div class=\"section-content relative\">\n\t\t\t\n\n<div class=\"row align-center\"  id=\"row-1473951367\">\n\n\n\t<div id=\"col-680111134\" class=\"col medium-6 small-12 large-6\"  >\n\t\t<div class=\"col-inner\"  >\n\t\t\t\n\t\t\t\n\n\t<div class=\"img has-hover x md-x lg-x y md-y lg-y\" id=\"image_300666637\">\n\t\t<a class=\"\" href=\"http:\/\/www.parisdissyhotel.com\/en\/business-room\/\"  >\t\t\t\t\t\t<div class=\"img-inner image-grayscale box-shadow-3 dark\" >\n\t\t\t<img decoding=\"async\" width=\"1020\" height=\"680\" src=\"https:\/\/www.parisdissyhotel.com\/wp-content\/uploads\/2020\/08\/Paris-dIssy-Chambre-Single-2-1024x683.jpg\" class=\"attachment-large size-large\" alt=\"Paris d&#039;Issy H\u00f4tel Porte de Versailles\" srcset=\"https:\/\/www.parisdissyhotel.com\/wp-content\/uploads\/2020\/08\/Paris-dIssy-Chambre-Single-2-1024x683.jpg 1024w, https:\/\/www.parisdissyhotel.com\/wp-content\/uploads\/2020\/08\/Paris-dIssy-Chambre-Single-2-300x200.jpg 300w, https:\/\/www.parisdissyhotel.com\/wp-content\/uploads\/2020\/08\/Paris-dIssy-Chambre-Single-2-768x512.jpg 768w, https:\/\/www.parisdissyhotel.com\/wp-content\/uploads\/2020\/08\/Paris-dIssy-Chambre-Single-2-1536x1024.jpg 1536w, https:\/\/www.parisdissyhotel.com\/wp-content\/uploads\/2020\/08\/Paris-dIssy-Chambre-Single-2.jpg 1800w\" sizes=\"(max-width: 1020px) 100vw, 1020px\" \/>\t\t\t\t\t\t\n\t\t\t\t\t<\/div>\n\t\t\t\t\t\t<\/a>\t\t\n<style>\n#image_300666637 {\n  width: 100%;\n}\n<\/style>\n\t<\/div>\n\t\n\n<div class=\"row row-collapse row-full-width\"  id=\"row-1147164636\">\n\n\n\t<div id=\"col-369192468\" class=\"col medium-12 large-8\"  >\n\t\t<div class=\"col-inner\"  >\n\t\t\t\n\t\t\t\n\n<h3>Business room<\/h3>\n<p>1 person- 1 single room<\/p>\n\n\t\t<\/div>\n\t\t\t<\/div>\n\n\t\n\n\t<div id=\"col-1324621469\" class=\"col medium-12 large-4\"  >\n\t\t<div class=\"col-inner\"  >\n\t\t\t\n\t\t\t\n\n<a href=\"http:\/\/www.parisdissyhotel.com\/en\/business-room\/\" target=\"_self\" class=\"button secondary is-outline is-smaller expand\"  style=\"border-radius:99px;\">\n    <span>Learn more<\/span>\n  <\/a>\n\n\n<a rel=\"noopener noreferrer\" href=\"https:\/\/www.secure-hotel-booking.com\/smart\/Hotel-de-la-Mairie\/2EEW\/en\/\" target=\"_blank\" class=\"button primary is-smaller expand\"  style=\"border-radius:99px;\">\n    <span>Book<\/span>\n  <\/a>\n\n\n\n\t\t<\/div>\n\t\t\t<\/div>\n\n\t\n\n<\/div>\n\n\t\t<\/div>\n\t\t\t<\/div>\n\n\t\n\n\t<div id=\"col-718023873\" class=\"col medium-6 small-12 large-6\"  >\n\t\t<div class=\"col-inner\"  >\n\t\t\t\n\t\t\t\n\n\t<div class=\"img has-hover x md-x lg-x y md-y lg-y\" id=\"image_1696210882\">\n\t\t<a class=\"\" href=\"http:\/\/www.parisdissyhotel.com\/en\/classic-room\/\"  >\t\t\t\t\t\t<div class=\"img-inner image-grayscale box-shadow-3 dark\" >\n\t\t\t<img decoding=\"async\" width=\"1020\" height=\"680\" src=\"https:\/\/www.parisdissyhotel.com\/wp-content\/uploads\/2020\/08\/Paris-dIssy-Chambre-Classique-7-1024x683.jpg\" class=\"attachment-large size-large\" alt=\"Paris d&#039;Issy H\u00f4tel Porte de Versailles\" srcset=\"https:\/\/www.parisdissyhotel.com\/wp-content\/uploads\/2020\/08\/Paris-dIssy-Chambre-Classique-7-1024x683.jpg 1024w, https:\/\/www.parisdissyhotel.com\/wp-content\/uploads\/2020\/08\/Paris-dIssy-Chambre-Classique-7-300x200.jpg 300w, https:\/\/www.parisdissyhotel.com\/wp-content\/uploads\/2020\/08\/Paris-dIssy-Chambre-Classique-7-768x512.jpg 768w, https:\/\/www.parisdissyhotel.com\/wp-content\/uploads\/2020\/08\/Paris-dIssy-Chambre-Classique-7-1536x1024.jpg 1536w, https:\/\/www.parisdissyhotel.com\/wp-content\/uploads\/2020\/08\/Paris-dIssy-Chambre-Classique-7.jpg 1800w\" sizes=\"(max-width: 1020px) 100vw, 1020px\" \/>\t\t\t\t\t\t\n\t\t\t\t\t<\/div>\n\t\t\t\t\t\t<\/a>\t\t\n<style>\n#image_1696210882 {\n  width: 100%;\n}\n<\/style>\n\t<\/div>\n\t\n\n<div class=\"row row-collapse row-full-width\"  id=\"row-116094741\">\n\n\n\t<div id=\"col-664594821\" class=\"col medium-12 large-8\"  >\n\t\t<div class=\"col-inner\"  >\n\t\t\t\n\t\t\t\n\n<h3>Classic room<\/h3>\n<p>2 people &#8211; 1 double bed <\/p>\n\n\t\t<\/div>\n\t\t\t<\/div>\n\n\t\n\n\t<div id=\"col-1612709297\" class=\"col medium-12 large-4\"  >\n\t\t<div class=\"col-inner\"  >\n\t\t\t\n\t\t\t\n\n<a href=\"http:\/\/www.parisdissyhotel.com\/en\/classic-room\/\" target=\"_self\" class=\"button secondary is-outline is-smaller expand\"  style=\"border-radius:99px;\">\n    <span>Learn more<\/span>\n  <\/a>\n\n\n<a rel=\"noopener noreferrer\" href=\"https:\/\/www.secure-hotel-booking.com\/smart\/Hotel-de-la-Mairie\/2EEW\/en\/\" target=\"_blank\" class=\"button primary is-smaller expand\"  style=\"border-radius:99px;\">\n    <span>Book<\/span>\n  <\/a>\n\n\n\n\t\t<\/div>\n\t\t\t<\/div>\n\n\t\n\n<\/div>\n\n\t\t<\/div>\n\t\t\t<\/div>\n\n\t\n\n\t<div id=\"col-297873805\" class=\"col medium-6 small-12 large-6\"  >\n\t\t<div class=\"col-inner\"  >\n\t\t\t\n\t\t\t\n\n\t<div class=\"img has-hover x md-x lg-x y md-y lg-y\" id=\"image_272952879\">\n\t\t<a class=\"\" href=\"http:\/\/www.parisdissyhotel.com\/en\/superior-room\/\"  >\t\t\t\t\t\t<div class=\"img-inner image-grayscale box-shadow-3 dark\" >\n\t\t\t<img decoding=\"async\" width=\"1020\" height=\"680\" src=\"https:\/\/www.parisdissyhotel.com\/wp-content\/uploads\/2020\/08\/Paris-dIssy-Chambre-Superieure-8-1024x683.jpg\" class=\"attachment-large size-large\" alt=\"Paris d&#039;Issy H\u00f4tel Porte de Versailles\" srcset=\"https:\/\/www.parisdissyhotel.com\/wp-content\/uploads\/2020\/08\/Paris-dIssy-Chambre-Superieure-8-1024x683.jpg 1024w, https:\/\/www.parisdissyhotel.com\/wp-content\/uploads\/2020\/08\/Paris-dIssy-Chambre-Superieure-8-300x200.jpg 300w, https:\/\/www.parisdissyhotel.com\/wp-content\/uploads\/2020\/08\/Paris-dIssy-Chambre-Superieure-8-768x512.jpg 768w, https:\/\/www.parisdissyhotel.com\/wp-content\/uploads\/2020\/08\/Paris-dIssy-Chambre-Superieure-8-1536x1024.jpg 1536w, https:\/\/www.parisdissyhotel.com\/wp-content\/uploads\/2020\/08\/Paris-dIssy-Chambre-Superieure-8.jpg 1800w\" sizes=\"(max-width: 1020px) 100vw, 1020px\" \/>\t\t\t\t\t\t\n\t\t\t\t\t<\/div>\n\t\t\t\t\t\t<\/a>\t\t\n<style>\n#image_272952879 {\n  width: 100%;\n}\n<\/style>\n\t<\/div>\n\t\n\n<div class=\"row row-collapse row-full-width\"  id=\"row-98343206\">\n\n\n\t<div id=\"col-75261881\" class=\"col medium-12 large-8\"  >\n\t\t<div class=\"col-inner\"  >\n\t\t\t\n\t\t\t\n\n<h3>Superior room<\/h3>\n<p>2 peple &#8211; 1 double bed or 2 single beds<\/p>\n\n\t\t<\/div>\n\t\t\t<\/div>\n\n\t\n\n\t<div id=\"col-1208931442\" class=\"col medium-12 large-4\"  >\n\t\t<div class=\"col-inner\"  >\n\t\t\t\n\t\t\t\n\n<a href=\"http:\/\/www.parisdissyhotel.com\/en\/superior-room\/\" target=\"_self\" class=\"button secondary is-outline is-smaller expand\"  style=\"border-radius:99px;\">\n    <span>Learn more<\/span>\n  <\/a>\n\n\n<a rel=\"noopener noreferrer\" href=\"https:\/\/www.secure-hotel-booking.com\/smart\/Hotel-de-la-Mairie\/2EEW\/en\/\" target=\"_blank\" class=\"button primary is-smaller expand\"  style=\"border-radius:99px;\">\n    <span>Book<\/span>\n  <\/a>\n\n\n\n\t\t<\/div>\n\t\t\t<\/div>\n\n\t\n\n<\/div>\n\n\t\t<\/div>\n\t\t\t<\/div>\n\n\t\n\n\t<div id=\"col-1181759010\" class=\"col medium-6 small-12 large-6\"  >\n\t\t<div class=\"col-inner\"  >\n\t\t\t\n\t\t\t\n\n\t<div class=\"img has-hover x md-x lg-x y md-y lg-y\" id=\"image_2040457600\">\n\t\t<a class=\"\" href=\"http:\/\/www.parisdissyhotel.com\/en\/deluxe-famity-room\/\"  >\t\t\t\t\t\t<div class=\"img-inner image-grayscale box-shadow-3 dark\" >\n\t\t\t<img decoding=\"async\" width=\"1020\" height=\"680\" src=\"https:\/\/www.parisdissyhotel.com\/wp-content\/uploads\/2020\/08\/Paris-dIssy-Chambre-deLuxe-Familiale-4-1024x683.jpg\" class=\"attachment-large size-large\" alt=\"Paris d&#039;Issy H\u00f4tel Porte de Versailles\" srcset=\"https:\/\/www.parisdissyhotel.com\/wp-content\/uploads\/2020\/08\/Paris-dIssy-Chambre-deLuxe-Familiale-4-1024x683.jpg 1024w, https:\/\/www.parisdissyhotel.com\/wp-content\/uploads\/2020\/08\/Paris-dIssy-Chambre-deLuxe-Familiale-4-300x200.jpg 300w, https:\/\/www.parisdissyhotel.com\/wp-content\/uploads\/2020\/08\/Paris-dIssy-Chambre-deLuxe-Familiale-4-768x512.jpg 768w, https:\/\/www.parisdissyhotel.com\/wp-content\/uploads\/2020\/08\/Paris-dIssy-Chambre-deLuxe-Familiale-4-1536x1024.jpg 1536w, https:\/\/www.parisdissyhotel.com\/wp-content\/uploads\/2020\/08\/Paris-dIssy-Chambre-deLuxe-Familiale-4.jpg 1800w\" sizes=\"(max-width: 1020px) 100vw, 1020px\" \/>\t\t\t\t\t\t\n\t\t\t\t\t<\/div>\n\t\t\t\t\t\t<\/a>\t\t\n<style>\n#image_2040457600 {\n  width: 100%;\n}\n<\/style>\n\t<\/div>\n\t\n\n<div class=\"row row-collapse row-full-width\"  id=\"row-793126588\">\n\n\n\t<div id=\"col-1838449131\" class=\"col medium-12 large-8\"  >\n\t\t<div class=\"col-inner\"  >\n\t\t\t\n\t\t\t\n\n<h3>Deluxe family room<\/h3>\n<p>4 people<br \/>1 double bed or 2 single beds + 1 sofa bed<\/p>\n\n\t\t<\/div>\n\t\t\t<\/div>\n\n\t\n\n\t<div id=\"col-625202934\" class=\"col medium-12 large-4\"  >\n\t\t<div class=\"col-inner\"  >\n\t\t\t\n\t\t\t\n\n<a href=\"http:\/\/www.parisdissyhotel.com\/en\/deluxe-famity-room\/\" target=\"_self\" class=\"button secondary is-outline is-smaller expand\"  style=\"border-radius:99px;\">\n    <span>Learn more<\/span>\n  <\/a>\n\n\n<a rel=\"noopener noreferrer\" href=\"https:\/\/www.secure-hotel-booking.com\/smart\/Hotel-de-la-Mairie\/2EEW\/en\/\" target=\"_blank\" class=\"button primary is-smaller expand\"  style=\"border-radius:99px;\">\n    <span>Book<\/span>\n  <\/a>\n\n\n\n\t\t<\/div>\n\t\t\t<\/div>\n\n\t\n\n<\/div>\n\n\t\t<\/div>\n\t\t\t<\/div>\n\n\t\n\n<\/div>\n<div class=\"row row-small\"  id=\"row-1064677404\">\n\n\n\t<div id=\"col-980974724\" class=\"col small-12 large-12\"  >\n\t\t<div class=\"col-inner\"  >\n\t\t\t\n\t\t\t\n\n<p style=\"display: block;\">Accessible by means of a sweeping staircase and a lift, the floors open onto a spacious landing, of which 10 rooms are divided into 4 categories (business, classic, superior and deluxe). \nWe also have two PMR rooms.<\/p>\n<p style=\"display: block;\">The cosy atmosphere and the soft colours of the common areas already offer an air of relaxation.<\/p>\n<p style=\"display: block;\">The rooms, which have all been renovated in 2016, are of the latest standard of comfort: anti-mite flooring, soundproofing, high quality bedding in soft support, air-conditioning, central heating, Wi-Fi, flat screen TV\u2026<\/p>\n\n\t\t<\/div>\n\t\t\t<\/div>\n\n\t\n\n<\/div>\n<div class=\"row row-small align-center\"  id=\"row-2096892570\">\n\n\n\t<div id=\"col-2005265597\" class=\"col medium-12 small-12 large-7\"  >\n\t\t<div class=\"col-inner text-center\"  >\n\t\t\t\n\t\t\t\n\n<div style=\"line-height: 70px;\"> <img decoding=\"async\" class=\"alignleft wp-image-852\" src=\"http:\/\/www.parisdissyhotel.com\/wp-content\/uploads\/2020\/08\/epeda.png\" alt=\"\" width=\"50\" height=\"50\" title=\"Class comfort Epeda bedding\"> <img decoding=\"async\" class=\"alignleft wp-image-846\" src=\"http:\/\/www.parisdissyhotel.com\/wp-content\/uploads\/2020\/08\/climatisation.png\" alt=\"\" width=\"50\" height=\"50\" title=\"Individual air conditioning\"> <img decoding=\"async\" class=\"alignleft wp-image-848\" src=\"http:\/\/www.parisdissyhotel.com\/wp-content\/uploads\/2020\/08\/coffre-fort.png\" alt=\"\" width=\"50\" height=\"50\" title=\"Safe\"> <img decoding=\"async\" class=\"alignleft wp-image-850\" src=\"http:\/\/www.parisdissyhotel.com\/wp-content\/uploads\/2020\/08\/coin-bureau.png\" alt=\"\" width=\"50\" height=\"50\" title=\"Corner office\"> <img decoding=\"async\" class=\"alignleft wp-image-844\" src=\"http:\/\/www.parisdissyhotel.com\/wp-content\/uploads\/2020\/08\/armoire.png\" alt=\"\" width=\"50\" height=\"50\" title=\"Cabinet\"> &nbsp;<img decoding=\"async\" class=\"alignleft wp-image-854\" src=\"http:\/\/www.parisdissyhotel.com\/wp-content\/uploads\/2020\/08\/lampe.png\" alt=\"\" width=\"50\" height=\"50\" title=\"Bedside lamp and adjustable reading light\"> <img decoding=\"async\" class=\"alignleft wp-image-856\" src=\"http:\/\/www.parisdissyhotel.com\/wp-content\/uploads\/2020\/08\/plateau.png\" alt=\"\" width=\"50\" height=\"50\" title=\"Courtesy tray with tea, coffee and decaffeinated coffee\"> <img decoding=\"async\" class=\"alignleft wp-image-858\" src=\"http:\/\/www.parisdissyhotel.com\/wp-content\/uploads\/2020\/08\/produits-accueil.png\" alt=\"\" width=\"50\" height=\"50\" title=\"Home products\"> <img decoding=\"async\" class=\"alignleft wp-image-860\" src=\"http:\/\/www.parisdissyhotel.com\/wp-content\/uploads\/2020\/08\/rideaux.png\" alt=\"\" width=\"50\" height=\"50\" title=\"Blackout curtains\"> <img decoding=\"async\" class=\"alignleft wp-image-862\" src=\"http:\/\/www.parisdissyhotel.com\/wp-content\/uploads\/2020\/08\/salle-bain.png\" alt=\"\" width=\"50\" height=\"50\" title=\"Fully equipped bathroom\"> <img decoding=\"async\" class=\"alignleft wp-image-864\" src=\"http:\/\/www.parisdissyhotel.com\/wp-content\/uploads\/2020\/08\/seche-cheveux.png\" alt=\"\" width=\"50\" height=\"50\" title=\"Hair dryer\"> <img decoding=\"async\" class=\"alignleft wp-image-866\" src=\"http:\/\/www.parisdissyhotel.com\/wp-content\/uploads\/2020\/08\/serviettes.png\" alt=\"\" width=\"50\" height=\"50\" title=\"Bath sheets and towels\"> <img decoding=\"async\" class=\"alignleft wp-image-868\" src=\"http:\/\/www.parisdissyhotel.com\/wp-content\/uploads\/2020\/08\/sol-antiacarien.png\" alt=\"\" width=\"50\" height=\"50\" title=\"Anti-mite flooring\"> <img decoding=\"async\" class=\"alignleft wp-image-870\" src=\"http:\/\/www.parisdissyhotel.com\/wp-content\/uploads\/2020\/08\/television.png\" alt=\"\" width=\"50\" height=\"50\" title=\"Flat screen TV with sports channels and Canal +\"> <img decoding=\"async\" class=\"alignleft wp-image-872\" src=\"http:\/\/www.parisdissyhotel.com\/wp-content\/uploads\/2020\/08\/wifi.png\" alt=\"\" width=\"50\" height=\"50\" title=\"WiFi\"><\/div>\n\n\t\t<\/div>\n\t\t\t<\/div>\n\n\t\n\n<\/div>\n\n\t\t<\/div>\n\n\t\t\n<style>\n#section_1177610523 {\n  padding-top: 30px;\n  padding-bottom: 30px;\n}\n<\/style>\n\t<\/section>\n\t\n\n","protected":false},"excerpt":{"rendered":"","protected":false},"author":1,"featured_media":0,"parent":0,"menu_order":0,"comment_status":"closed","ping_status":"closed","template":"page-blank.php","meta":{"footnotes":""},"class_list":["post-534","page","type-page","status-publish","hentry"],"yoast_head":"<!-- This site is optimized with the Yoast SEO plugin v23.8 - https:\/\/yoast.com\/wordpress\/plugins\/seo\/ -->\n<title>The Rooms Hotel Paris d&#039;Issy les Moulineaux, Paris Pte de Versailles<\/title>\n<meta name=\"description\" content=\"Hotel Paris d&#039;Issy: Business, classic, superior and deluxe rooms. Anti-mite flooring, soundproofing, individual air conditioning, WiFi, flat screen TV\" \/>\n<meta name=\"robots\" content=\"index, follow, max-snippet:-1, max-image-preview:large, max-video-preview:-1\" \/>\n<link rel=\"canonical\" href=\"https:\/\/www.parisdissyhotel.com\/en\/rooms\/\" \/>\n<meta property=\"og:locale\" content=\"en_US\" \/>\n<meta property=\"og:type\" content=\"article\" \/>\n<meta property=\"og:title\" content=\"The Rooms Hotel Paris d&#039;Issy les Moulineaux, Paris Pte de Versailles\" \/>\n<meta property=\"og:description\" content=\"Hotel Paris d&#039;Issy: Business, classic, superior and deluxe rooms. Anti-mite flooring, soundproofing, individual air conditioning, WiFi, flat screen TV\" \/>\n<meta property=\"og:url\" content=\"https:\/\/www.parisdissyhotel.com\/en\/rooms\/\" \/>\n<meta property=\"og:site_name\" content=\"Paris d&#039;Issy H\u00f4tel\" \/>\n<meta property=\"article:modified_time\" content=\"2020-10-08T13:38:48+00:00\" \/>\n<meta property=\"og:image\" content=\"http:\/\/www.parisdissyhotel.com\/wp-content\/uploads\/2020\/08\/epeda.png\" \/>\n<meta name=\"twitter:card\" content=\"summary_large_image\" \/>\n<meta name=\"twitter:label1\" content=\"Est. reading time\" \/>\n\t<meta name=\"twitter:data1\" content=\"3 minutes\" \/>\n<script type=\"application\/ld+json\" class=\"yoast-schema-graph\">{\"@context\":\"https:\/\/schema.org\",\"@graph\":[{\"@type\":\"WebPage\",\"@id\":\"https:\/\/www.parisdissyhotel.com\/en\/rooms\/\",\"url\":\"https:\/\/www.parisdissyhotel.com\/en\/rooms\/\",\"name\":\"The Rooms Hotel Paris d'Issy les Moulineaux, Paris Pte de Versailles\",\"isPartOf\":{\"@id\":\"https:\/\/www.parisdissyhotel.com\/#website\"},\"primaryImageOfPage\":{\"@id\":\"https:\/\/www.parisdissyhotel.com\/en\/rooms\/#primaryimage\"},\"image\":{\"@id\":\"https:\/\/www.parisdissyhotel.com\/en\/rooms\/#primaryimage\"},\"thumbnailUrl\":\"http:\/\/www.parisdissyhotel.com\/wp-content\/uploads\/2020\/08\/epeda.png\",\"datePublished\":\"2020-06-18T09:47:07+00:00\",\"dateModified\":\"2020-10-08T13:38:48+00:00\",\"description\":\"Hotel Paris d'Issy: Business, classic, superior and deluxe rooms. Anti-mite flooring, soundproofing, individual air conditioning, WiFi, flat screen TV\",\"breadcrumb\":{\"@id\":\"https:\/\/www.parisdissyhotel.com\/en\/rooms\/#breadcrumb\"},\"inLanguage\":\"en-US\",\"potentialAction\":[{\"@type\":\"ReadAction\",\"target\":[\"https:\/\/www.parisdissyhotel.com\/en\/rooms\/\"]}]},{\"@type\":\"ImageObject\",\"inLanguage\":\"en-US\",\"@id\":\"https:\/\/www.parisdissyhotel.com\/en\/rooms\/#primaryimage\",\"url\":\"http:\/\/www.parisdissyhotel.com\/wp-content\/uploads\/2020\/08\/epeda.png\",\"contentUrl\":\"http:\/\/www.parisdissyhotel.com\/wp-content\/uploads\/2020\/08\/epeda.png\"},{\"@type\":\"BreadcrumbList\",\"@id\":\"https:\/\/www.parisdissyhotel.com\/en\/rooms\/#breadcrumb\",\"itemListElement\":[{\"@type\":\"ListItem\",\"position\":1,\"name\":\"Accueil\",\"item\":\"https:\/\/www.parisdissyhotel.com\/en\/\"},{\"@type\":\"ListItem\",\"position\":2,\"name\":\"Chambres\"}]},{\"@type\":\"WebSite\",\"@id\":\"https:\/\/www.parisdissyhotel.com\/#website\",\"url\":\"https:\/\/www.parisdissyhotel.com\/\",\"name\":\"Paris d&#039;Issy H\u00f4tel\",\"description\":\"H\u00f4tel 3 \u00e9toiles Paris Porte de Versailles\",\"potentialAction\":[{\"@type\":\"SearchAction\",\"target\":{\"@type\":\"EntryPoint\",\"urlTemplate\":\"https:\/\/www.parisdissyhotel.com\/?s={search_term_string}\"},\"query-input\":{\"@type\":\"PropertyValueSpecification\",\"valueRequired\":true,\"valueName\":\"search_term_string\"}}],\"inLanguage\":\"en-US\"}]}<\/script>\n<!-- \/ Yoast SEO plugin. -->","yoast_head_json":{"title":"The Rooms Hotel Paris d'Issy les Moulineaux, Paris Pte de Versailles","description":"Hotel Paris d'Issy: Business, classic, superior and deluxe rooms. Anti-mite flooring, soundproofing, individual air conditioning, WiFi, flat screen TV","robots":{"index":"index","follow":"follow","max-snippet":"max-snippet:-1","max-image-preview":"max-image-preview:large","max-video-preview":"max-video-preview:-1"},"canonical":"https:\/\/www.parisdissyhotel.com\/en\/rooms\/","og_locale":"en_US","og_type":"article","og_title":"The Rooms Hotel Paris d'Issy les Moulineaux, Paris Pte de Versailles","og_description":"Hotel Paris d'Issy: Business, classic, superior and deluxe rooms. Anti-mite flooring, soundproofing, individual air conditioning, WiFi, flat screen TV","og_url":"https:\/\/www.parisdissyhotel.com\/en\/rooms\/","og_site_name":"Paris d&#039;Issy H\u00f4tel","article_modified_time":"2020-10-08T13:38:48+00:00","og_image":[{"url":"http:\/\/www.parisdissyhotel.com\/wp-content\/uploads\/2020\/08\/epeda.png"}],"twitter_card":"summary_large_image","twitter_misc":{"Est. reading time":"3 minutes"},"schema":{"@context":"https:\/\/schema.org","@graph":[{"@type":"WebPage","@id":"https:\/\/www.parisdissyhotel.com\/en\/rooms\/","url":"https:\/\/www.parisdissyhotel.com\/en\/rooms\/","name":"The Rooms Hotel Paris d'Issy les Moulineaux, Paris Pte de Versailles","isPartOf":{"@id":"https:\/\/www.parisdissyhotel.com\/#website"},"primaryImageOfPage":{"@id":"https:\/\/www.parisdissyhotel.com\/en\/rooms\/#primaryimage"},"image":{"@id":"https:\/\/www.parisdissyhotel.com\/en\/rooms\/#primaryimage"},"thumbnailUrl":"http:\/\/www.parisdissyhotel.com\/wp-content\/uploads\/2020\/08\/epeda.png","datePublished":"2020-06-18T09:47:07+00:00","dateModified":"2020-10-08T13:38:48+00:00","description":"Hotel Paris d'Issy: Business, classic, superior and deluxe rooms. Anti-mite flooring, soundproofing, individual air conditioning, WiFi, flat screen TV","breadcrumb":{"@id":"https:\/\/www.parisdissyhotel.com\/en\/rooms\/#breadcrumb"},"inLanguage":"en-US","potentialAction":[{"@type":"ReadAction","target":["https:\/\/www.parisdissyhotel.com\/en\/rooms\/"]}]},{"@type":"ImageObject","inLanguage":"en-US","@id":"https:\/\/www.parisdissyhotel.com\/en\/rooms\/#primaryimage","url":"http:\/\/www.parisdissyhotel.com\/wp-content\/uploads\/2020\/08\/epeda.png","contentUrl":"http:\/\/www.parisdissyhotel.com\/wp-content\/uploads\/2020\/08\/epeda.png"},{"@type":"BreadcrumbList","@id":"https:\/\/www.parisdissyhotel.com\/en\/rooms\/#breadcrumb","itemListElement":[{"@type":"ListItem","position":1,"name":"Accueil","item":"https:\/\/www.parisdissyhotel.com\/en\/"},{"@type":"ListItem","position":2,"name":"Chambres"}]},{"@type":"WebSite","@id":"https:\/\/www.parisdissyhotel.com\/#website","url":"https:\/\/www.parisdissyhotel.com\/","name":"Paris d&#039;Issy H\u00f4tel","description":"H\u00f4tel 3 \u00e9toiles Paris Porte de Versailles","potentialAction":[{"@type":"SearchAction","target":{"@type":"EntryPoint","urlTemplate":"https:\/\/www.parisdissyhotel.com\/?s={search_term_string}"},"query-input":{"@type":"PropertyValueSpecification","valueRequired":true,"valueName":"search_term_string"}}],"inLanguage":"en-US"}]}},"_links":{"self":[{"href":"https:\/\/www.parisdissyhotel.com\/en\/wp-json\/wp\/v2\/pages\/534","targetHints":{"allow":["GET"]}}],"collection":[{"href":"https:\/\/www.parisdissyhotel.com\/en\/wp-json\/wp\/v2\/pages"}],"about":[{"href":"https:\/\/www.parisdissyhotel.com\/en\/wp-json\/wp\/v2\/types\/page"}],"author":[{"embeddable":true,"href":"https:\/\/www.parisdissyhotel.com\/en\/wp-json\/wp\/v2\/users\/1"}],"replies":[{"embeddable":true,"href":"https:\/\/www.parisdissyhotel.com\/en\/wp-json\/wp\/v2\/comments?post=534"}],"version-history":[{"count":13,"href":"https:\/\/www.parisdissyhotel.com\/en\/wp-json\/wp\/v2\/pages\/534\/revisions"}],"predecessor-version":[{"id":1076,"href":"https:\/\/www.parisdissyhotel.com\/en\/wp-json\/wp\/v2\/pages\/534\/revisions\/1076"}],"wp:attachment":[{"href":"https:\/\/www.parisdissyhotel.com\/en\/wp-json\/wp\/v2\/media?parent=534"}],"curies":[{"name":"wp","href":"https:\/\/api.w.org\/{rel}","templated":true}]}}