{"id":528,"date":"2020-06-30T09:54:25","date_gmt":"2020-06-30T07:54:25","guid":{"rendered":"http:\/\/sofimediat.fr\/montcalm\/business\/"},"modified":"2023-08-28T12:49:55","modified_gmt":"2023-08-28T10:49:55","slug":"business","status":"publish","type":"page","link":"https:\/\/www.parisdissyhotel.com\/en\/business\/","title":{"rendered":"Business"},"content":{"rendered":"\n\t<section class=\"section bg-section\" id=\"section_1640708044\">\n\t\t<div class=\"bg section-bg fill bg-fill  bg-loaded\" >\n\n\t\t\t\n\t\t\t\n\t\t\t\n\n\t\t<\/div>\n\n\t\t<div class=\"section-content relative\">\n\t\t\t\n\n<div class=\"row row-collapse\"  id=\"row-720176298\">\n\n\n\t<div id=\"col-1892067669\" class=\"col small-12 large-12\"  >\n\t\t<div class=\"col-inner dark\"  >\n\t\t\t\n\t\t\t\n\n<h1 class=\"titre-home\" style=\"text-align: center;\"><strong>Paris d&#8217;Issy H\u00f4tel <\/strong><\/h1>\n<h2 style=\"text-align: center; font-style: italic;\">We help you organise your business trips<br \/>\n<\/h2>\n\n\t\t<\/div>\n\t\t\n<style>\n#col-1892067669 > .col-inner {\n  padding: 0px 0px 0 0px;\n  margin: 0px 0px 0 0px;\n}\n<\/style>\n\t<\/div>\n\n\t\n\n<\/div>\n\n\t\t<\/div>\n\n\t\t\n<style>\n#section_1640708044 {\n  padding-top: 30px;\n  padding-bottom: 30px;\n}\n<\/style>\n\t<\/section>\n\t\n\t<section class=\"section\" id=\"section_1007263092\">\n\t\t<div class=\"bg section-bg fill bg-fill  \" >\n\n\t\t\t\n\t\t\t\n\t\t\t\n\n\t\t<\/div>\n\n\t\t<div class=\"section-content relative\">\n\t\t\t\n\n\n\t\t<\/div>\n\n\t\t\n<style>\n#section_1007263092 {\n  padding-top: 0px;\n  padding-bottom: 0px;\n  margin-bottom: 0px;\n  min-height: 250px;\n}\n#section_1007263092 .section-bg.bg-loaded {\n  background-image: url(https:\/\/www.parisdissyhotel.com\/wp-content\/uploads\/2020\/08\/Paris-dIssy-Reception-2.jpg);\n}\n#section_1007263092 .section-bg {\n  background-position: 40% 48%;\n}\n<\/style>\n\t<\/section>\n\t\n\t<section class=\"section\" id=\"section_1972390386\">\n\t\t<div class=\"bg section-bg fill bg-fill  bg-loaded\" >\n\n\t\t\t\n\t\t\t\n\t\t\t\n\n\t\t<\/div>\n\n\t\t<div class=\"section-content relative\">\n\t\t\t\n\n<div class=\"row\"  id=\"row-1126255793\">\n\n\n\t<div id=\"col-1843430281\" class=\"col medium-7 small-12 large-7\"  data-animate=\"fadeInLeft\">\n\t\t<div class=\"col-inner\"  >\n\t\t\t\n\t\t\t\n\n<div>By making your reservations directly with the hotel, you will benefit from the best rates that only our team can guarantee.<\/div>\n<div>\u00a0<\/div>\n<div>Call us on +33 1 46 44 02 90 | Or send us an e-mail to<a href=\"mailto:contact@parisdissyhotel.com\"><strong> contact@parisdissyhotel.com<\/strong><\/a><\/div>\n<ul>\n<li>Immediate reduction from your first nights, by communicating a promo code.<\/li>\n<li>A 24\/7 team that responds to your requests and knows your preferences.<\/li>\n<li>Free and unlimited WiFi so you can stay connected.<\/li>\n<li>Clear invoicing with no additional administration fees.<\/li>\n<li>As soon as we have your company\u2019s payment confirmation, a credit card guarantee will be requested only for extras.<\/li>\n<li>Presentation and wording of your invoice according to your company&#8217;s accounting procedures and sending by email<\/li>\n<li>Priority on the waiting list during busy periods, possibility of taking options, early check-in and late check-out\u2026 depending on availability.<\/li>\n<li>Year-round partnership offering exclusive discounts if you are several colleagues traveling regularly via a code or contract dedicated solely to your company.<\/li>\n<li>Preferential rate for the rental of the meeting room.<\/li>\n<li>Business corner with connected PC and printer.<\/li>\n<li>Access to the gym.<\/li>\n<\/ul>\n\n\t\t<\/div>\n\t\t\t<\/div>\n\n\t\n\n\t<div id=\"col-1913505894\" class=\"col medium-5 small-12 large-5\"  data-animate=\"fadeInRight\">\n\t\t<div class=\"col-inner\"  >\n\t\t\t\n\t\t\t\n\n\t<div class=\"img has-hover x md-x lg-x y md-y lg-y\" id=\"image_1781022023\">\n\t\t<a class=\"\" href=\"#\"  >\t\t\t\t\t\t<div class=\"img-inner image-grayscale box-shadow-3 dark\" style=\"margin:0px 0px 30px 0px;\">\n\t\t\t<img decoding=\"async\" width=\"1020\" height=\"680\" src=\"https:\/\/www.parisdissyhotel.com\/wp-content\/uploads\/2020\/08\/Paris-dIssy-Chambre-Superieure-4-1024x683.jpg\" class=\"attachment-large size-large\" alt=\"Paris d&#039;Issy H\u00f4tel Porte de Versailles\" srcset=\"https:\/\/www.parisdissyhotel.com\/wp-content\/uploads\/2020\/08\/Paris-dIssy-Chambre-Superieure-4-1024x683.jpg 1024w, https:\/\/www.parisdissyhotel.com\/wp-content\/uploads\/2020\/08\/Paris-dIssy-Chambre-Superieure-4-300x200.jpg 300w, https:\/\/www.parisdissyhotel.com\/wp-content\/uploads\/2020\/08\/Paris-dIssy-Chambre-Superieure-4-768x512.jpg 768w, https:\/\/www.parisdissyhotel.com\/wp-content\/uploads\/2020\/08\/Paris-dIssy-Chambre-Superieure-4-1536x1024.jpg 1536w, https:\/\/www.parisdissyhotel.com\/wp-content\/uploads\/2020\/08\/Paris-dIssy-Chambre-Superieure-4.jpg 1800w\" sizes=\"(max-width: 1020px) 100vw, 1020px\" \/>\t\t\t\t\t\t\n\t\t\t\t\t<\/div>\n\t\t\t\t\t\t<\/a>\t\t\n<style>\n#image_1781022023 {\n  width: 100%;\n}\n<\/style>\n\t<\/div>\n\t\n\n<h3>VAre you attending a trade fair at the Paris Porte de Versailles Exhibition Center?<\/h3>\n<p>We are only 2 metro stations away on line 12 from the Parc des Expositions, less than 5 minutes away!<\/p>\n<p>We also offer solutions when you come as a group.<\/p>\n<p><strong>Contact us directly\n\nby phone at +33 1 46 44 02 90&nbsp;<br \/>or by email at:  <\/strong><a href=\"mailto:contact@parisdissyhotel.com\"><strong>contact@parisdissyhotel.com<\/strong><\/a><\/p>\n\n\t\t<\/div>\n\t\t\t<\/div>\n\n\t\n\n\t<div id=\"col-1306836217\" class=\"col small-12 large-12\"  >\n\t\t<div class=\"col-inner\"  >\n\t\t\t\n\t\t\t\n\n<h3 style=\"text-align: center;\">Coworking &amp; Fitness Access offer:<\/h3>\n<ul>\n<li>The Paris d&#8217;Issy hotel offers you a coworking space to work or study in a calm and cozy atmosphere with free wifi that you can combine during your breaks with access to our fitness room.<\/li>\n<li>Hourly package at \u20ac15 including tax per person.<\/li>\n<li>By reservation at +33 1 46 44 02 90 | Or send us an e-mail to <a href=\"mailto:contact@parisdissyhotel.com\"><strong>contact@parisdissyhotel.com<\/strong><\/a><\/li>\n<\/ul>\n<h3 style=\"text-align: center;\">For your professional events :<\/h3>\n<div>For your corporate events for 8 to 10 people:<\/div>\n<div>\u00a0<\/div>\n<div>Our meeting room with a capacity of 10 people, will allow you to organize your meetings, your study days, your training or your seminars.<\/div>\n<div>\u00a0<\/div>\n<div>Call us on +33 1 46 44 02 90 | Or send us an e-mail to\u00a0<\/div>\n<p style=\"text-align: justify;\"><a style=\"text-align: left;\" href=\"mailto:contact@parisdissyhotel.com\"><strong>contact@parisdissyhotel.com<\/strong><\/a><\/p>\n<div class=\"slider-wrapper relative\" id=\"slider-272114705\" >\n    <div class=\"slider slider-nav-circle slider-nav-large slider-nav-light slider-style-normal\"\n        data-flickity-options='{\n            \"cellAlign\": \"center\",\n            \"imagesLoaded\": true,\n            \"lazyLoad\": 1,\n            \"freeScroll\": false,\n            \"wrapAround\": true,\n            \"autoPlay\": 6000,\n            \"pauseAutoPlayOnHover\" : true,\n            \"prevNextButtons\": true,\n            \"contain\" : true,\n            \"adaptiveHeight\" : true,\n            \"dragThreshold\" : 10,\n            \"percentPosition\": true,\n            \"pageDots\": true,\n            \"rightToLeft\": false,\n            \"draggable\": true,\n            \"selectedAttraction\": 0.1,\n            \"parallax\" : 0,\n            \"friction\": 0.6        }'\n        >\n        \n\n\t<div class=\"img has-hover x md-x lg-x y md-y lg-y\" id=\"image_1616040861\">\n\t\t\t\t\t\t\t\t<div class=\"img-inner dark\" >\n\t\t\t<img decoding=\"async\" width=\"1020\" height=\"680\" src=\"https:\/\/www.parisdissyhotel.com\/wp-content\/uploads\/2020\/09\/Paris-dIssy-reunion-1-1024x683.jpg\" class=\"attachment-large size-large\" alt=\"Paris d&#039;Issy H\u00f4tel Porte de Versailles\" srcset=\"https:\/\/www.parisdissyhotel.com\/wp-content\/uploads\/2020\/09\/Paris-dIssy-reunion-1-1024x683.jpg 1024w, https:\/\/www.parisdissyhotel.com\/wp-content\/uploads\/2020\/09\/Paris-dIssy-reunion-1-300x200.jpg 300w, https:\/\/www.parisdissyhotel.com\/wp-content\/uploads\/2020\/09\/Paris-dIssy-reunion-1-768x512.jpg 768w, https:\/\/www.parisdissyhotel.com\/wp-content\/uploads\/2020\/09\/Paris-dIssy-reunion-1-1536x1024.jpg 1536w, https:\/\/www.parisdissyhotel.com\/wp-content\/uploads\/2020\/09\/Paris-dIssy-reunion-1.jpg 1800w\" sizes=\"(max-width: 1020px) 100vw, 1020px\" \/>\t\t\t\t\t\t\n\t\t\t\t\t<\/div>\n\t\t\t\t\t\t\t\t\n<style>\n#image_1616040861 {\n  width: 100%;\n}\n<\/style>\n\t<\/div>\n\t\n\n\t<div class=\"img has-hover x md-x lg-x y md-y lg-y\" id=\"image_1672552454\">\n\t\t\t\t\t\t\t\t<div class=\"img-inner dark\" >\n\t\t\t<img decoding=\"async\" width=\"1020\" height=\"680\" src=\"https:\/\/www.parisdissyhotel.com\/wp-content\/uploads\/2020\/09\/Paris-dIssy-reunion-2-1024x683.jpg\" class=\"attachment-large size-large\" alt=\"Paris d&#039;Issy H\u00f4tel Porte de Versailles\" srcset=\"https:\/\/www.parisdissyhotel.com\/wp-content\/uploads\/2020\/09\/Paris-dIssy-reunion-2-1024x683.jpg 1024w, https:\/\/www.parisdissyhotel.com\/wp-content\/uploads\/2020\/09\/Paris-dIssy-reunion-2-300x200.jpg 300w, https:\/\/www.parisdissyhotel.com\/wp-content\/uploads\/2020\/09\/Paris-dIssy-reunion-2-768x512.jpg 768w, https:\/\/www.parisdissyhotel.com\/wp-content\/uploads\/2020\/09\/Paris-dIssy-reunion-2-1536x1024.jpg 1536w, https:\/\/www.parisdissyhotel.com\/wp-content\/uploads\/2020\/09\/Paris-dIssy-reunion-2.jpg 1800w\" sizes=\"(max-width: 1020px) 100vw, 1020px\" \/>\t\t\t\t\t\t\n\t\t\t\t\t<\/div>\n\t\t\t\t\t\t\t\t\n<style>\n#image_1672552454 {\n  width: 100%;\n}\n<\/style>\n\t<\/div>\n\t\n\n\t<div class=\"img has-hover x md-x lg-x y md-y lg-y\" id=\"image_64670289\">\n\t\t\t\t\t\t\t\t<div class=\"img-inner dark\" >\n\t\t\t<img decoding=\"async\" width=\"1020\" height=\"680\" src=\"https:\/\/www.parisdissyhotel.com\/wp-content\/uploads\/2020\/09\/paris-dissy-reunion-3-1024x683.jpg\" class=\"attachment-large size-large\" alt=\"Paris d&#039;Issy H\u00f4tel Porte de Versailles\" srcset=\"https:\/\/www.parisdissyhotel.com\/wp-content\/uploads\/2020\/09\/paris-dissy-reunion-3-1024x683.jpg 1024w, https:\/\/www.parisdissyhotel.com\/wp-content\/uploads\/2020\/09\/paris-dissy-reunion-3-300x200.jpg 300w, https:\/\/www.parisdissyhotel.com\/wp-content\/uploads\/2020\/09\/paris-dissy-reunion-3-768x512.jpg 768w, https:\/\/www.parisdissyhotel.com\/wp-content\/uploads\/2020\/09\/paris-dissy-reunion-3-1536x1024.jpg 1536w, https:\/\/www.parisdissyhotel.com\/wp-content\/uploads\/2020\/09\/paris-dissy-reunion-3.jpg 1800w\" sizes=\"(max-width: 1020px) 100vw, 1020px\" \/>\t\t\t\t\t\t\n\t\t\t\t\t<\/div>\n\t\t\t\t\t\t\t\t\n<style>\n#image_64670289 {\n  width: 100%;\n}\n<\/style>\n\t<\/div>\n\t\n\n\n     <\/div>\n\n     <div class=\"loading-spin dark large centered\"><\/div>\n\n     <\/div>\n\n\n\n\t\t<\/div>\n\t\t\t<\/div>\n\n\t\n\n<\/div>\n\n\t\t<\/div>\n\n\t\t\n<style>\n#section_1972390386 {\n  padding-top: 30px;\n  padding-bottom: 30px;\n}\n<\/style>\n\t<\/section>\n\t\n\t<section class=\"section\" id=\"section_748867722\">\n\t\t<div class=\"bg section-bg fill bg-fill  bg-loaded\" >\n\n\t\t\t\n\t\t\t\n\t\t\t\n\n\t\t<\/div>\n\n\t\t<div class=\"section-content relative\">\n\t\t\t\n\n<p><iframe src=\"https:\/\/www.google.com\/maps\/embed?pb=!1m18!1m12!1m3!1d13236.429562382536!2d2.2734071466067296!3d48.83073734997979!2m3!1f0!2f0!3f0!3m2!1i1024!2i768!4f13.1!3m3!1m2!1s0x47e67a823e519d09%3A0x3b7aa4e27f3c4f5f!2s4%20Rue%20Auguste%20Gervais%2C%2092130%20Issy-les-Moulineaux!5e0!3m2!1sfr!2sfr!4v1597151852144!5m2!1sfr!2sfr\" width=\"100%\" height=\"350\" frameborder=\"0\" style=\"border:0;\" allowfullscreen=\"\" aria-hidden=\"false\" tabindex=\"0\"><\/iframe><\/p>\n\n\t\t<\/div>\n\n\t\t\n<style>\n#section_748867722 {\n  padding-top: 0px;\n  padding-bottom: 0px;\n}\n<\/style>\n\t<\/section>\n\t\n\n","protected":false},"excerpt":{"rendered":"","protected":false},"author":1,"featured_media":0,"parent":0,"menu_order":0,"comment_status":"closed","ping_status":"closed","template":"page-blank.php","meta":{"footnotes":""},"class_list":["post-528","page","type-page","status-publish","hentry"],"yoast_head":"<!-- This site is optimized with the Yoast SEO plugin v23.8 - https:\/\/yoast.com\/wordpress\/plugins\/seo\/ -->\n<title>Business, d\u00e9placements professionnels au Paris d&#039;Issy H\u00f4tel<\/title>\n<meta name=\"description\" content=\"Nous vous accompagnons pour bien g\u00e9rer vos d\u00e9placements professionnels. R\u00e9servez directement aupr\u00e8s de l\u2019h\u00f4tel, vous allez b\u00e9n\u00e9ficier des meilleurs tarifs.\" \/>\n<meta name=\"robots\" content=\"index, follow, max-snippet:-1, max-image-preview:large, max-video-preview:-1\" \/>\n<link rel=\"canonical\" href=\"https:\/\/www.parisdissyhotel.com\/en\/business\/\" \/>\n<meta property=\"og:locale\" content=\"en_US\" \/>\n<meta property=\"og:type\" content=\"article\" \/>\n<meta property=\"og:title\" content=\"Business, d\u00e9placements professionnels au Paris d&#039;Issy H\u00f4tel\" \/>\n<meta property=\"og:description\" content=\"Nous vous accompagnons pour bien g\u00e9rer vos d\u00e9placements professionnels. R\u00e9servez directement aupr\u00e8s de l\u2019h\u00f4tel, vous allez b\u00e9n\u00e9ficier des meilleurs tarifs.\" \/>\n<meta property=\"og:url\" content=\"https:\/\/www.parisdissyhotel.com\/en\/business\/\" \/>\n<meta property=\"og:site_name\" content=\"Paris d&#039;Issy H\u00f4tel\" \/>\n<meta property=\"article:modified_time\" content=\"2023-08-28T10:49:55+00:00\" \/>\n<meta name=\"twitter:card\" content=\"summary_large_image\" \/>\n<meta name=\"twitter:label1\" content=\"Est. reading time\" \/>\n\t<meta name=\"twitter:data1\" content=\"2 minutes\" \/>\n<script type=\"application\/ld+json\" class=\"yoast-schema-graph\">{\"@context\":\"https:\/\/schema.org\",\"@graph\":[{\"@type\":\"WebPage\",\"@id\":\"https:\/\/www.parisdissyhotel.com\/en\/business\/\",\"url\":\"https:\/\/www.parisdissyhotel.com\/en\/business\/\",\"name\":\"Business, d\u00e9placements professionnels au Paris d'Issy H\u00f4tel\",\"isPartOf\":{\"@id\":\"https:\/\/www.parisdissyhotel.com\/#website\"},\"datePublished\":\"2020-06-30T07:54:25+00:00\",\"dateModified\":\"2023-08-28T10:49:55+00:00\",\"description\":\"Nous vous accompagnons pour bien g\u00e9rer vos d\u00e9placements professionnels. R\u00e9servez directement aupr\u00e8s de l\u2019h\u00f4tel, vous allez b\u00e9n\u00e9ficier des meilleurs tarifs.\",\"breadcrumb\":{\"@id\":\"https:\/\/www.parisdissyhotel.com\/en\/business\/#breadcrumb\"},\"inLanguage\":\"en-US\",\"potentialAction\":[{\"@type\":\"ReadAction\",\"target\":[\"https:\/\/www.parisdissyhotel.com\/en\/business\/\"]}]},{\"@type\":\"BreadcrumbList\",\"@id\":\"https:\/\/www.parisdissyhotel.com\/en\/business\/#breadcrumb\",\"itemListElement\":[{\"@type\":\"ListItem\",\"position\":1,\"name\":\"Accueil\",\"item\":\"https:\/\/www.parisdissyhotel.com\/en\/\"},{\"@type\":\"ListItem\",\"position\":2,\"name\":\"Business\"}]},{\"@type\":\"WebSite\",\"@id\":\"https:\/\/www.parisdissyhotel.com\/#website\",\"url\":\"https:\/\/www.parisdissyhotel.com\/\",\"name\":\"Paris d&#039;Issy H\u00f4tel\",\"description\":\"H\u00f4tel 3 \u00e9toiles Paris Porte de Versailles\",\"potentialAction\":[{\"@type\":\"SearchAction\",\"target\":{\"@type\":\"EntryPoint\",\"urlTemplate\":\"https:\/\/www.parisdissyhotel.com\/?s={search_term_string}\"},\"query-input\":{\"@type\":\"PropertyValueSpecification\",\"valueRequired\":true,\"valueName\":\"search_term_string\"}}],\"inLanguage\":\"en-US\"}]}<\/script>\n<!-- \/ Yoast SEO plugin. -->","yoast_head_json":{"title":"Business, d\u00e9placements professionnels au Paris d'Issy H\u00f4tel","description":"Nous vous accompagnons pour bien g\u00e9rer vos d\u00e9placements professionnels. R\u00e9servez directement aupr\u00e8s de l\u2019h\u00f4tel, vous allez b\u00e9n\u00e9ficier des meilleurs tarifs.","robots":{"index":"index","follow":"follow","max-snippet":"max-snippet:-1","max-image-preview":"max-image-preview:large","max-video-preview":"max-video-preview:-1"},"canonical":"https:\/\/www.parisdissyhotel.com\/en\/business\/","og_locale":"en_US","og_type":"article","og_title":"Business, d\u00e9placements professionnels au Paris d'Issy H\u00f4tel","og_description":"Nous vous accompagnons pour bien g\u00e9rer vos d\u00e9placements professionnels. R\u00e9servez directement aupr\u00e8s de l\u2019h\u00f4tel, vous allez b\u00e9n\u00e9ficier des meilleurs tarifs.","og_url":"https:\/\/www.parisdissyhotel.com\/en\/business\/","og_site_name":"Paris d&#039;Issy H\u00f4tel","article_modified_time":"2023-08-28T10:49:55+00:00","twitter_card":"summary_large_image","twitter_misc":{"Est. reading time":"2 minutes"},"schema":{"@context":"https:\/\/schema.org","@graph":[{"@type":"WebPage","@id":"https:\/\/www.parisdissyhotel.com\/en\/business\/","url":"https:\/\/www.parisdissyhotel.com\/en\/business\/","name":"Business, d\u00e9placements professionnels au Paris d'Issy H\u00f4tel","isPartOf":{"@id":"https:\/\/www.parisdissyhotel.com\/#website"},"datePublished":"2020-06-30T07:54:25+00:00","dateModified":"2023-08-28T10:49:55+00:00","description":"Nous vous accompagnons pour bien g\u00e9rer vos d\u00e9placements professionnels. R\u00e9servez directement aupr\u00e8s de l\u2019h\u00f4tel, vous allez b\u00e9n\u00e9ficier des meilleurs tarifs.","breadcrumb":{"@id":"https:\/\/www.parisdissyhotel.com\/en\/business\/#breadcrumb"},"inLanguage":"en-US","potentialAction":[{"@type":"ReadAction","target":["https:\/\/www.parisdissyhotel.com\/en\/business\/"]}]},{"@type":"BreadcrumbList","@id":"https:\/\/www.parisdissyhotel.com\/en\/business\/#breadcrumb","itemListElement":[{"@type":"ListItem","position":1,"name":"Accueil","item":"https:\/\/www.parisdissyhotel.com\/en\/"},{"@type":"ListItem","position":2,"name":"Business"}]},{"@type":"WebSite","@id":"https:\/\/www.parisdissyhotel.com\/#website","url":"https:\/\/www.parisdissyhotel.com\/","name":"Paris d&#039;Issy H\u00f4tel","description":"H\u00f4tel 3 \u00e9toiles Paris Porte de Versailles","potentialAction":[{"@type":"SearchAction","target":{"@type":"EntryPoint","urlTemplate":"https:\/\/www.parisdissyhotel.com\/?s={search_term_string}"},"query-input":{"@type":"PropertyValueSpecification","valueRequired":true,"valueName":"search_term_string"}}],"inLanguage":"en-US"}]}},"_links":{"self":[{"href":"https:\/\/www.parisdissyhotel.com\/en\/wp-json\/wp\/v2\/pages\/528","targetHints":{"allow":["GET"]}}],"collection":[{"href":"https:\/\/www.parisdissyhotel.com\/en\/wp-json\/wp\/v2\/pages"}],"about":[{"href":"https:\/\/www.parisdissyhotel.com\/en\/wp-json\/wp\/v2\/types\/page"}],"author":[{"embeddable":true,"href":"https:\/\/www.parisdissyhotel.com\/en\/wp-json\/wp\/v2\/users\/1"}],"replies":[{"embeddable":true,"href":"https:\/\/www.parisdissyhotel.com\/en\/wp-json\/wp\/v2\/comments?post=528"}],"version-history":[{"count":15,"href":"https:\/\/www.parisdissyhotel.com\/en\/wp-json\/wp\/v2\/pages\/528\/revisions"}],"predecessor-version":[{"id":1214,"href":"https:\/\/www.parisdissyhotel.com\/en\/wp-json\/wp\/v2\/pages\/528\/revisions\/1214"}],"wp:attachment":[{"href":"https:\/\/www.parisdissyhotel.com\/en\/wp-json\/wp\/v2\/media?parent=528"}],"curies":[{"name":"wp","href":"https:\/\/api.w.org\/{rel}","templated":true}]}}