{"id":526,"date":"2020-06-30T11:26:46","date_gmt":"2020-06-30T09:26:46","guid":{"rendered":"http:\/\/sofimediat.fr\/montcalm\/autour-de-lhotel\/"},"modified":"2021-09-29T13:02:21","modified_gmt":"2021-09-29T11:02:21","slug":"around-the-hotel","status":"publish","type":"page","link":"https:\/\/www.parisdissyhotel.com\/en\/around-the-hotel\/","title":{"rendered":"Autour de l&#8217;h\u00f4tel"},"content":{"rendered":"\n\t<section class=\"section bg-section\" id=\"section_862801269\">\n\t\t<div class=\"bg section-bg fill bg-fill  bg-loaded\" >\n\n\t\t\t\n\t\t\t\n\t\t\t\n\n\t\t<\/div>\n\n\t\t<div class=\"section-content relative\">\n\t\t\t\n\n<div class=\"row row-collapse\"  id=\"row-813932641\">\n\n\n\t<div id=\"col-999224252\" class=\"col small-12 large-12\"  >\n\t\t<div class=\"col-inner dark\"  >\n\t\t\t\n\t\t\t\n\n<h1 class=\"titre-home\" style=\"text-align: center;\"><strong>Points of interest around the hotel Paris d&#8217;Issy<\/strong><\/h1>\n<h2 style=\"text-align: center; font-style: italic;\">\u00ab<br \/>\nA few minutes walk from the Porte de Versailles exhibition center \u00bb<\/h2>\n\n\t\t<\/div>\n\t\t\n<style>\n#col-999224252 > .col-inner {\n  padding: 0px 0px 0 0px;\n  margin: 0px 0px 0 0px;\n}\n<\/style>\n\t<\/div>\n\n\t\n\n<\/div>\n\n\t\t<\/div>\n\n\t\t\n<style>\n#section_862801269 {\n  padding-top: 30px;\n  padding-bottom: 30px;\n}\n<\/style>\n\t<\/section>\n\t\n\t<section class=\"section\" id=\"section_381343881\">\n\t\t<div class=\"bg section-bg fill bg-fill  bg-loaded\" >\n\n\t\t\t\n\t\t\t\n\t\t\t\n\n\t\t<\/div>\n\n\t\t<div class=\"section-content relative\">\n\t\t\t\n\n<p><iframe src=\"https:\/\/www.google.com\/maps\/embed?pb=!1m18!1m12!1m3!1d13236.429562382536!2d2.2734071466067296!3d48.83073734997979!2m3!1f0!2f0!3f0!3m2!1i1024!2i768!4f13.1!3m3!1m2!1s0x47e67a823e519d09%3A0x3b7aa4e27f3c4f5f!2s4%20Rue%20Auguste%20Gervais%2C%2092130%20Issy-les-Moulineaux!5e0!3m2!1sfr!2sfr!4v1597151852144!5m2!1sfr!2sfr\" width=\"100%\" height=\"350\" frameborder=\"0\" style=\"border:0;\" allowfullscreen=\"\" aria-hidden=\"false\" tabindex=\"0\"><\/iframe><\/p>\n\n\t\t<\/div>\n\n\t\t\n<style>\n#section_381343881 {\n  padding-top: 0px;\n  padding-bottom: 0px;\n}\n<\/style>\n\t<\/section>\n\t\n\t<section class=\"section\" id=\"section_882493248\">\n\t\t<div class=\"bg section-bg fill bg-fill  bg-loaded\" >\n\n\t\t\t\n\t\t\t\n\t\t\t\n\n\t\t<\/div>\n\n\t\t<div class=\"section-content relative\">\n\t\t\t\n\n<div class=\"row\"  id=\"row-2082498745\">\n\n\n\t<div id=\"col-1736365227\" class=\"col small-12 large-12\"  >\n\t\t<div class=\"col-inner\"  >\n\t\t\t\n\t\t\t\n\n<h3>Our hotel Paris d&#8217;Issy Porte de Versailles<\/h3>\n<p>Located in Issy-les-Moulineaux, in the heart of the city with its many shops and situated a few metres from the subway station Marie d&#8217;Issy (line 12), the Hotel Paris d\u2019Issy 3* offers a relaxing and quiet atmosphere. Its location of a few minutes\u2019 walk away from the bustle of the Porte de Versailles and its best professional and consumer lounges seduce you, whether you are traveling for business or on a private excursion.<\/p>\n\n\t\t<\/div>\n\t\t\t<\/div>\n\n\t\n\n<\/div>\n\n\t\t<\/div>\n\n\t\t\n<style>\n#section_882493248 {\n  padding-top: 0px;\n  padding-bottom: 0px;\n}\n<\/style>\n\t<\/section>\n\t\n\n","protected":false},"excerpt":{"rendered":"","protected":false},"author":1,"featured_media":0,"parent":0,"menu_order":0,"comment_status":"closed","ping_status":"closed","template":"page-blank.php","meta":{"footnotes":""},"class_list":["post-526","page","type-page","status-publish","hentry"],"yoast_head":"<!-- This site is optimized with the Yoast SEO plugin v23.8 - https:\/\/yoast.com\/wordpress\/plugins\/seo\/ -->\n<title>To do, to visit around the hotel Paris d&#039;Issy Porte de Versailles Paris<\/title>\n<meta name=\"description\" content=\"A few minutes walk from the Porte de Versailles and its trade fairs and general public, ideal whether you are on a business or private trip.\" \/>\n<meta name=\"robots\" content=\"index, follow, max-snippet:-1, max-image-preview:large, max-video-preview:-1\" \/>\n<link rel=\"canonical\" href=\"https:\/\/www.parisdissyhotel.com\/en\/around-the-hotel\/\" \/>\n<meta property=\"og:locale\" content=\"en_US\" \/>\n<meta property=\"og:type\" content=\"article\" \/>\n<meta property=\"og:title\" content=\"To do, to visit around the hotel Paris d&#039;Issy Porte de Versailles Paris\" \/>\n<meta property=\"og:description\" content=\"A few minutes walk from the Porte de Versailles and its trade fairs and general public, ideal whether you are on a business or private trip.\" \/>\n<meta property=\"og:url\" content=\"https:\/\/www.parisdissyhotel.com\/en\/around-the-hotel\/\" \/>\n<meta property=\"og:site_name\" content=\"Paris d&#039;Issy H\u00f4tel\" \/>\n<meta property=\"article:modified_time\" content=\"2021-09-29T11:02:21+00:00\" \/>\n<meta name=\"twitter:card\" content=\"summary_large_image\" \/>\n<meta name=\"twitter:label1\" content=\"Est. reading time\" \/>\n\t<meta name=\"twitter:data1\" content=\"1 minute\" \/>\n<script type=\"application\/ld+json\" class=\"yoast-schema-graph\">{\"@context\":\"https:\/\/schema.org\",\"@graph\":[{\"@type\":\"WebPage\",\"@id\":\"https:\/\/www.parisdissyhotel.com\/en\/around-the-hotel\/\",\"url\":\"https:\/\/www.parisdissyhotel.com\/en\/around-the-hotel\/\",\"name\":\"To do, to visit around the hotel Paris d'Issy Porte de Versailles Paris\",\"isPartOf\":{\"@id\":\"https:\/\/www.parisdissyhotel.com\/#website\"},\"datePublished\":\"2020-06-30T09:26:46+00:00\",\"dateModified\":\"2021-09-29T11:02:21+00:00\",\"description\":\"A few minutes walk from the Porte de Versailles and its trade fairs and general public, ideal whether you are on a business or private trip.\",\"breadcrumb\":{\"@id\":\"https:\/\/www.parisdissyhotel.com\/en\/around-the-hotel\/#breadcrumb\"},\"inLanguage\":\"en-US\",\"potentialAction\":[{\"@type\":\"ReadAction\",\"target\":[\"https:\/\/www.parisdissyhotel.com\/en\/around-the-hotel\/\"]}]},{\"@type\":\"BreadcrumbList\",\"@id\":\"https:\/\/www.parisdissyhotel.com\/en\/around-the-hotel\/#breadcrumb\",\"itemListElement\":[{\"@type\":\"ListItem\",\"position\":1,\"name\":\"Accueil\",\"item\":\"https:\/\/www.parisdissyhotel.com\/en\/\"},{\"@type\":\"ListItem\",\"position\":2,\"name\":\"Autour de l&rsquo;h\u00f4tel\"}]},{\"@type\":\"WebSite\",\"@id\":\"https:\/\/www.parisdissyhotel.com\/#website\",\"url\":\"https:\/\/www.parisdissyhotel.com\/\",\"name\":\"Paris d&#039;Issy H\u00f4tel\",\"description\":\"H\u00f4tel 3 \u00e9toiles Paris Porte de Versailles\",\"potentialAction\":[{\"@type\":\"SearchAction\",\"target\":{\"@type\":\"EntryPoint\",\"urlTemplate\":\"https:\/\/www.parisdissyhotel.com\/?s={search_term_string}\"},\"query-input\":{\"@type\":\"PropertyValueSpecification\",\"valueRequired\":true,\"valueName\":\"search_term_string\"}}],\"inLanguage\":\"en-US\"}]}<\/script>\n<!-- \/ Yoast SEO plugin. -->","yoast_head_json":{"title":"To do, to visit around the hotel Paris d'Issy Porte de Versailles Paris","description":"A few minutes walk from the Porte de Versailles and its trade fairs and general public, ideal whether you are on a business or private trip.","robots":{"index":"index","follow":"follow","max-snippet":"max-snippet:-1","max-image-preview":"max-image-preview:large","max-video-preview":"max-video-preview:-1"},"canonical":"https:\/\/www.parisdissyhotel.com\/en\/around-the-hotel\/","og_locale":"en_US","og_type":"article","og_title":"To do, to visit around the hotel Paris d'Issy Porte de Versailles Paris","og_description":"A few minutes walk from the Porte de Versailles and its trade fairs and general public, ideal whether you are on a business or private trip.","og_url":"https:\/\/www.parisdissyhotel.com\/en\/around-the-hotel\/","og_site_name":"Paris d&#039;Issy H\u00f4tel","article_modified_time":"2021-09-29T11:02:21+00:00","twitter_card":"summary_large_image","twitter_misc":{"Est. reading time":"1 minute"},"schema":{"@context":"https:\/\/schema.org","@graph":[{"@type":"WebPage","@id":"https:\/\/www.parisdissyhotel.com\/en\/around-the-hotel\/","url":"https:\/\/www.parisdissyhotel.com\/en\/around-the-hotel\/","name":"To do, to visit around the hotel Paris d'Issy Porte de Versailles Paris","isPartOf":{"@id":"https:\/\/www.parisdissyhotel.com\/#website"},"datePublished":"2020-06-30T09:26:46+00:00","dateModified":"2021-09-29T11:02:21+00:00","description":"A few minutes walk from the Porte de Versailles and its trade fairs and general public, ideal whether you are on a business or private trip.","breadcrumb":{"@id":"https:\/\/www.parisdissyhotel.com\/en\/around-the-hotel\/#breadcrumb"},"inLanguage":"en-US","potentialAction":[{"@type":"ReadAction","target":["https:\/\/www.parisdissyhotel.com\/en\/around-the-hotel\/"]}]},{"@type":"BreadcrumbList","@id":"https:\/\/www.parisdissyhotel.com\/en\/around-the-hotel\/#breadcrumb","itemListElement":[{"@type":"ListItem","position":1,"name":"Accueil","item":"https:\/\/www.parisdissyhotel.com\/en\/"},{"@type":"ListItem","position":2,"name":"Autour de l&rsquo;h\u00f4tel"}]},{"@type":"WebSite","@id":"https:\/\/www.parisdissyhotel.com\/#website","url":"https:\/\/www.parisdissyhotel.com\/","name":"Paris d&#039;Issy H\u00f4tel","description":"H\u00f4tel 3 \u00e9toiles Paris Porte de Versailles","potentialAction":[{"@type":"SearchAction","target":{"@type":"EntryPoint","urlTemplate":"https:\/\/www.parisdissyhotel.com\/?s={search_term_string}"},"query-input":{"@type":"PropertyValueSpecification","valueRequired":true,"valueName":"search_term_string"}}],"inLanguage":"en-US"}]}},"_links":{"self":[{"href":"https:\/\/www.parisdissyhotel.com\/en\/wp-json\/wp\/v2\/pages\/526","targetHints":{"allow":["GET"]}}],"collection":[{"href":"https:\/\/www.parisdissyhotel.com\/en\/wp-json\/wp\/v2\/pages"}],"about":[{"href":"https:\/\/www.parisdissyhotel.com\/en\/wp-json\/wp\/v2\/types\/page"}],"author":[{"embeddable":true,"href":"https:\/\/www.parisdissyhotel.com\/en\/wp-json\/wp\/v2\/users\/1"}],"replies":[{"embeddable":true,"href":"https:\/\/www.parisdissyhotel.com\/en\/wp-json\/wp\/v2\/comments?post=526"}],"version-history":[{"count":6,"href":"https:\/\/www.parisdissyhotel.com\/en\/wp-json\/wp\/v2\/pages\/526\/revisions"}],"predecessor-version":[{"id":1128,"href":"https:\/\/www.parisdissyhotel.com\/en\/wp-json\/wp\/v2\/pages\/526\/revisions\/1128"}],"wp:attachment":[{"href":"https:\/\/www.parisdissyhotel.com\/en\/wp-json\/wp\/v2\/media?parent=526"}],"curies":[{"name":"wp","href":"https:\/\/api.w.org\/{rel}","templated":true}]}}