{"id":497,"date":"2020-06-10T15:20:36","date_gmt":"2020-06-10T13:20:36","guid":{"rendered":"http:\/\/sofimediat.fr\/montcalm\/accueil\/"},"modified":"2025-07-10T09:51:19","modified_gmt":"2025-07-10T07:51:19","slug":"accueil","status":"publish","type":"page","link":"https:\/\/www.parisdissyhotel.com\/en\/","title":{"rendered":"Accueil"},"content":{"rendered":"\n\t<section class=\"section\" id=\"section_506939963\">\n\t\t<div class=\"bg section-bg fill bg-fill  bg-loaded\" >\n\n\t\t\t\n\t\t\t<button class=\"scroll-for-more z-5 icon absolute bottom h-center\"><i class=\"icon-angle-down\" style=\"font-size:42px;\"><\/i><\/button>\n\t\t\t\n\n\t\t<\/div>\n\n\t\t<div class=\"section-content relative\">\n\t\t\t\n\n<div id=\"encart-home\">\r\n<h5 style=\"color: #1a5577; text-transform: uppercase; margin-top: 0px; margin-bottom: 10px; font-size: 16px; text-align: center; padding: 5px 10px; border: 1px #1a5577 solid; border-radius: 99px;\">Benefits of the official website<\/h5>\r\n<p style=\"font-size: 15px; font-weight: bold;\"><i class=\"fa fa-check\" style=\"color: #1a5577;\"><\/i> Best Price Guaranteed<br \/>\r\n<i class=\"fa fa-check\" style=\"color: #1a5577;\"><\/i> Free wifi<br \/><i class=\"fa fa-check\" style=\"color: #1a5577;\"><\/i> Pre-book your breakfast at the preferential rate of 10\u20ac instead of 14\u20ac. <\/p>\r\n<a rel=\"noopener noreferrer\" href=\"https:\/\/www.secure-hotel-booking.com\/smart\/Hotel-de-la-Mairie\/2EEW\/en\/\" target=\"_blank\" class=\"button primary is-primary is-medium expand\"  style=\"border-radius:99px;\">\n    <span>Book online<\/span>\n  <\/a>\n\r\n<\/div>\n\n<div class=\"slider-wrapper relative\" id=\"slider-760550479\" >\n    <div class=\"slider slider-type-fade slider-nav-circle slider-nav-large slider-nav-light slider-style-normal\"\n        data-flickity-options='{\n            \"cellAlign\": \"center\",\n            \"imagesLoaded\": true,\n            \"lazyLoad\": 1,\n            \"freeScroll\": false,\n            \"wrapAround\": true,\n            \"autoPlay\": 6000,\n            \"pauseAutoPlayOnHover\" : true,\n            \"prevNextButtons\": true,\n            \"contain\" : true,\n            \"adaptiveHeight\" : true,\n            \"dragThreshold\" : 10,\n            \"percentPosition\": true,\n            \"pageDots\": true,\n            \"rightToLeft\": false,\n            \"draggable\": true,\n            \"selectedAttraction\": 0.1,\n            \"parallax\" : 0,\n            \"friction\": 0.6        }'\n        >\n        \n\n\n  <div class=\"banner has-hover is-full-height\" id=\"banner-1051919539\">\n          <div class=\"banner-inner fill\">\n        <div class=\"banner-bg fill\" >\n            <div class=\"bg fill bg-fill \"><\/div>\n                                    \n                    <\/div>\n        <div class=\"banner-layers container\">\n            <div class=\"fill banner-link\"><\/div>            \n\n   <div id=\"text-box-1623822573\" class=\"text-box banner-layer x50 md-x50 lg-x50 y50 md-y50 lg-y50 res-text\">\n                                <div class=\"text dark\">\n              \n              <div class=\"text-inner text-center\">\n                  \n\n\n              <\/div>\n           <\/div>\n                            \n<style>\n#text-box-1623822573 {\n  width: 60%;\n}\n#text-box-1623822573 .text {\n  font-size: 100%;\n}\n<\/style>\n    <\/div>\n \n\n        <\/div>\n      <\/div>\n\n            \n<style>\n#banner-1051919539 {\n  padding-top: 100%;\n}\n#banner-1051919539 .bg.bg-loaded {\n  background-image: url(https:\/\/www.parisdissyhotel.com\/wp-content\/uploads\/2020\/08\/Paris-dIssy-Reception.jpg);\n}\n<\/style>\n  <\/div>\n\n\n\n  <div class=\"banner has-hover is-full-height\" id=\"banner-1417231571\">\n          <div class=\"banner-inner fill\">\n        <div class=\"banner-bg fill\" >\n            <div class=\"bg fill bg-fill \"><\/div>\n                                    \n                    <\/div>\n        <div class=\"banner-layers container\">\n            <div class=\"fill banner-link\"><\/div>            \n\n   <div id=\"text-box-50954199\" class=\"text-box banner-layer x50 md-x50 lg-x50 y50 md-y50 lg-y50 res-text\">\n                                <div class=\"text dark\">\n              \n              <div class=\"text-inner text-center\">\n                  \n\n\n              <\/div>\n           <\/div>\n                            \n<style>\n#text-box-50954199 {\n  width: 60%;\n}\n#text-box-50954199 .text {\n  font-size: 100%;\n}\n<\/style>\n    <\/div>\n \n\n        <\/div>\n      <\/div>\n\n            \n<style>\n#banner-1417231571 {\n  padding-top: 100%;\n}\n#banner-1417231571 .bg.bg-loaded {\n  background-image: url(https:\/\/www.parisdissyhotel.com\/wp-content\/uploads\/2020\/09\/paris-dissy-salon-1.jpg);\n}\n<\/style>\n  <\/div>\n\n\n\n  <div class=\"banner has-hover is-full-height\" id=\"banner-1441136457\">\n          <div class=\"banner-inner fill\">\n        <div class=\"banner-bg fill\" >\n            <div class=\"bg fill bg-fill \"><\/div>\n                                    \n                    <\/div>\n        <div class=\"banner-layers container\">\n            <div class=\"fill banner-link\"><\/div>            \n\n   <div id=\"text-box-2053058038\" class=\"text-box banner-layer x50 md-x50 lg-x50 y50 md-y50 lg-y50 res-text\">\n                                <div class=\"text dark\">\n              \n              <div class=\"text-inner text-center\">\n                  \n\n\n              <\/div>\n           <\/div>\n                            \n<style>\n#text-box-2053058038 {\n  width: 60%;\n}\n#text-box-2053058038 .text {\n  font-size: 100%;\n}\n<\/style>\n    <\/div>\n \n\n        <\/div>\n      <\/div>\n\n            \n<style>\n#banner-1441136457 {\n  padding-top: 100%;\n}\n#banner-1441136457 .bg.bg-loaded {\n  background-image: url(https:\/\/www.parisdissyhotel.com\/wp-content\/uploads\/2020\/09\/paris-dissy-salon-2.jpg);\n}\n<\/style>\n  <\/div>\n\n\n\n     <\/div>\n\n     <div class=\"loading-spin dark large centered\"><\/div>\n\n     <\/div>\n\n\n\n\t\t<\/div>\n\n\t\t\n<style>\n#section_506939963 {\n  padding-top: 0px;\n  padding-bottom: 0px;\n}\n<\/style>\n\t<\/section>\n\t\n\t<section class=\"section bg-section\" id=\"section_1379330179\">\n\t\t<div class=\"bg section-bg fill bg-fill  bg-loaded\" >\n\n\t\t\t\n\t\t\t\n\t\t\t\n\n\t\t<\/div>\n\n\t\t<div class=\"section-content relative\">\n\t\t\t\n\n<div class=\"row row-collapse\"  id=\"row-778880552\">\n\n\n\t<div id=\"col-764637268\" class=\"col small-12 large-12\"  >\n\t\t<div class=\"col-inner dark\"  >\n\t\t\t\n\t\t\t\n\n<h1 class=\"titre-home\" style=\"text-align: center;\"><strong>Hotel Paris d&#8217;Issy 3*<br \/>Paris Porte de Versailles, Issy-les-Moulineaux<\/strong><\/h1>\n<h2 style=\"text-align: center; font-style: italic;\">\u00ab Business or tourism,<br \/>\nParis at your feet \u00bb<\/h2>\n<p>Ideally located in the heart of Issy Les Moulineaux and a stone&#8217;s throw from the Mairie d&#8217;Issy metro station, the 3* Paris d&#8217;Issy hotel offers a total of 53 rooms that are spread over 5 floors and serviced by a lift, which one is also accessible to the disabled. The decoration is distinctly modern as it combines natural tones and soft furnishings with clean lines and contemporary details.<\/p>\n\n\t\t<\/div>\n\t\t\n<style>\n#col-764637268 > .col-inner {\n  padding: 0px 0px 0 0px;\n  margin: 0px 0px 0 0px;\n}\n<\/style>\n\t<\/div>\n\n\t\n\n<\/div>\n\n\t\t<\/div>\n\n\t\t\n<style>\n#section_1379330179 {\n  padding-top: 30px;\n  padding-bottom: 30px;\n}\n<\/style>\n\t<\/section>\n\t\n\t<section class=\"section\" id=\"section_782731220\">\n\t\t<div class=\"bg section-bg fill bg-fill  bg-loaded\" >\n\n\t\t\t\n\t\t\t\n\t\t\t\n\n\t\t<\/div>\n\n\t\t<div class=\"section-content relative\">\n\t\t\t\n\n  <div class=\"banner-grid-wrapper\">\n  <div id=\"banner-grid-2011603913\" class=\"banner-grid row row-grid row-small row-box-shadow-3\" data-packery-options=\"\">\n                      \n\n<div class=\"col grid-col small-12 large-6 grid-col-1\" ><div class=\"col-inner\">\n\n\n  <div class=\"banner has-hover bg-grayscale\" id=\"banner-1115504135\">\n          <div class=\"banner-inner fill\">\n        <div class=\"banner-bg fill\" >\n            <div class=\"bg fill bg-fill \"><\/div>\n                                    \n                    <\/div>\n        <div class=\"banner-layers container\">\n            <a class=\"fill\" href=\"http:\/\/www.parisdissyhotel.com\/en\/rooms\/\"  ><div class=\"fill banner-link\"><\/div><\/a>            \n\n   <div id=\"text-box-908357791\" class=\"text-box banner-layer x45 md-x45 lg-x45 y10 md-y10 lg-y10 res-text\">\n                                <div class=\"text dark\">\n              \n              <div class=\"text-inner text-center\">\n                  \n\n<h3 style=\"color:#fff !important; text-transform:uppercase; font-weight:bold;\">Our rooms<\/h3>\n\n              <\/div>\n           <\/div>\n                            \n<style>\n#text-box-908357791 {\n  width: 53%;\n}\n#text-box-908357791 .text {\n  font-size: 100%;\n}\n<\/style>\n    <\/div>\n \n\n        <\/div>\n      <\/div>\n\n            \n<style>\n#banner-1115504135 {\n  padding-top: 500px;\n}\n#banner-1115504135 .bg.bg-loaded {\n  background-image: url(https:\/\/www.parisdissyhotel.com\/wp-content\/uploads\/2020\/08\/Paris-dIssy-Chambre-Superieure-5-1024x683.jpg);\n}\n<\/style>\n  <\/div>\n\n\n\n<\/div><\/div>\n<div class=\"col grid-col small-12 large-6 grid-col-1-2\" ><div class=\"col-inner\">\n\n\n  <div class=\"banner has-hover bg-grayscale\" id=\"banner-726211120\">\n          <div class=\"banner-inner fill\">\n        <div class=\"banner-bg fill\" >\n            <div class=\"bg fill bg-fill \"><\/div>\n                                    \n                    <\/div>\n        <div class=\"banner-layers container\">\n            <a class=\"fill\" href=\"http:\/\/www.parisdissyhotel.com\/en\/services\/\"  ><div class=\"fill banner-link\"><\/div><\/a>            \n\n   <div id=\"text-box-179483090\" class=\"text-box banner-layer x45 md-x45 lg-x45 y20 md-y20 lg-y20 res-text\">\n                                <div class=\"text dark\">\n              \n              <div class=\"text-inner text-center\">\n                  \n\n<h3 style=\"color:#fff !important; text-transform:uppercase;font-weight:bold;\">Our services<\/h3>\n\n              <\/div>\n           <\/div>\n                            \n<style>\n#text-box-179483090 {\n  width: 53%;\n}\n#text-box-179483090 .text {\n  font-size: 100%;\n}\n<\/style>\n    <\/div>\n \n\n        <\/div>\n      <\/div>\n\n            \n<style>\n#banner-726211120 {\n  padding-top: 500px;\n}\n#banner-726211120 .bg.bg-loaded {\n  background-image: url(https:\/\/www.parisdissyhotel.com\/wp-content\/uploads\/2020\/08\/Paris-dIssy-breakfast-1024x683.jpg);\n}\n<\/style>\n  <\/div>\n\n\n\n<\/div><\/div>\n<div class=\"col grid-col small-12 large-3 grid-col-1-2\" ><div class=\"col-inner\">\n\n\n  <div class=\"banner has-hover bg-grayscale\" id=\"banner-1621744067\">\n          <div class=\"banner-inner fill\">\n        <div class=\"banner-bg fill\" >\n            <div class=\"bg fill bg-fill \"><\/div>\n                                    \n                    <\/div>\n        <div class=\"banner-layers container\">\n            <a class=\"fill\" href=\"http:\/\/www.parisdissyhotel.com\/en\/mineral-terrace\/\"  ><div class=\"fill banner-link\"><\/div><\/a>            \n\n   <div id=\"text-box-347551114\" class=\"text-box banner-layer x45 md-x45 lg-x45 y10 md-y10 lg-y10 res-text\">\n                                <div class=\"text dark\">\n              \n              <div class=\"text-inner text-center\">\n                  \n\n<h3 style=\"color:#fff !important; text-transform:uppercase;font-weight:bold;\">The terrasse<\/h3>\n\n              <\/div>\n           <\/div>\n                            \n<style>\n#text-box-347551114 {\n  width: 53%;\n}\n#text-box-347551114 .text {\n  font-size: 100%;\n}\n<\/style>\n    <\/div>\n \n\n        <\/div>\n      <\/div>\n\n            \n<style>\n#banner-1621744067 {\n  padding-top: 500px;\n}\n#banner-1621744067 .bg.bg-loaded {\n  background-image: url(https:\/\/www.parisdissyhotel.com\/wp-content\/uploads\/2020\/08\/Paris-dIssy-Cour-Interieure-1024x683.jpg);\n}\n<\/style>\n  <\/div>\n\n\n\n<\/div><\/div>\n<div class=\"col grid-col small-12 large-3 grid-col-1-2\" ><div class=\"col-inner\">\n\n\n  <div class=\"banner has-hover bg-grayscale\" id=\"banner-548442151\">\n          <div class=\"banner-inner fill\">\n        <div class=\"banner-bg fill\" >\n            <div class=\"bg fill bg-fill \"><\/div>\n                                    \n                    <\/div>\n        <div class=\"banner-layers container\">\n            <a class=\"fill\" href=\"http:\/\/www.parisdissyhotel.com\/en\/business\/\"  ><div class=\"fill banner-link\"><\/div><\/a>            \n\n   <div id=\"text-box-686366285\" class=\"text-box banner-layer x45 md-x45 lg-x45 y10 md-y10 lg-y10 res-text\">\n                                <div class=\"text dark\">\n              \n              <div class=\"text-inner text-center\">\n                  \n\n<h3 style=\"color:#fff !important; text-transform:uppercase;font-weight:bold;\">Business<\/h3>\n\n              <\/div>\n           <\/div>\n                            \n<style>\n#text-box-686366285 {\n  width: 53%;\n}\n#text-box-686366285 .text {\n  font-size: 100%;\n}\n<\/style>\n    <\/div>\n \n\n        <\/div>\n      <\/div>\n\n            \n<style>\n#banner-548442151 {\n  padding-top: 500px;\n}\n#banner-548442151 .bg.bg-loaded {\n  background-image: url(https:\/\/www.parisdissyhotel.com\/wp-content\/uploads\/2020\/08\/Paris-dIssy-Chambre-Classique-1024x683.jpg);\n}\n<\/style>\n  <\/div>\n\n\n\n<\/div><\/div>\n\n            <\/div>\n    <style>\n    #banner-grid-2011603913 .grid-col-1{height: 600px}\n    #banner-grid-2011603913 .grid-col-1-2{height: 300px}\n    #banner-grid-2011603913 .grid-col-1-3{height:200px}\n    #banner-grid-2011603913 .grid-col-2-3{height: 400px}\n    #banner-grid-2011603913 .grid-col-1-4{height: 150px}\n    #banner-grid-2011603913 .grid-col-3-4{height: 450px}\n\n\n    \n        \/* Mobile *\/\n    @media (max-width: 550px){\n      #banner-grid-2011603913 .grid-col-1{height: 250px}\n      #banner-grid-2011603913 .grid-col-1-2{height: 125px}\n      #banner-grid-2011603913 .grid-col-1-3{height:83.333333333333px}\n      #banner-grid-2011603913 .grid-col-2-3{height: 166.66666666667px}\n      #banner-grid-2011603913 .grid-col-1-4{height: 62.5px}\n      #banner-grid-2011603913 .grid-col-3-4{height: 187.5px}\n    }\n    \n\n  <\/style>\n    <\/div>\n  \n\n\t\t<\/div>\n\n\t\t\n<style>\n#section_782731220 {\n  padding-top: 0px;\n  padding-bottom: 0px;\n}\n<\/style>\n\t<\/section>\n\t\n\t<section class=\"section\" id=\"section_295481177\">\n\t\t<div class=\"bg section-bg fill bg-fill  bg-loaded\" >\n\n\t\t\t\n\t\t\t\n\t\t\t\n\n\t\t<\/div>\n\n\t\t<div class=\"section-content relative\">\n\t\t\t\n\n<p><iframe src=\"https:\/\/www.google.com\/maps\/embed?pb=!1m18!1m12!1m3!1d13236.429562382536!2d2.2734071466067296!3d48.83073734997979!2m3!1f0!2f0!3f0!3m2!1i1024!2i768!4f13.1!3m3!1m2!1s0x47e67a823e519d09%3A0x3b7aa4e27f3c4f5f!2s4%20Rue%20Auguste%20Gervais%2C%2092130%20Issy-les-Moulineaux!5e0!3m2!1sfr!2sfr!4v1597151852144!5m2!1sfr!2sfr\" width=\"100%\" height=\"350\" frameborder=\"0\" style=\"border:0;\" allowfullscreen=\"\" aria-hidden=\"false\" tabindex=\"0\"><\/iframe><\/p>\n\n\t\t<\/div>\n\n\t\t\n<style>\n#section_295481177 {\n  padding-top: 30px;\n  padding-bottom: 30px;\n}\n<\/style>\n\t<\/section>\n\t\n\t<section class=\"section\" id=\"section_1806071458\">\n\t\t<div class=\"bg section-bg fill bg-fill  bg-loaded\" >\n\n\t\t\t\n\t\t\t\n\t\t\t\n\n\t\t<\/div>\n\n\t\t<div class=\"section-content relative\">\n\t\t\t\n\n<div class=\"row\"  id=\"row-1015931527\">\n\n\n\t<div id=\"col-1270012717\" class=\"col medium-7 small-12 large-7\"  >\n\t\t<div class=\"col-inner\"  >\n\t\t\t\n\t\t\t\n\n<h3>A few minutes walk from the Porte de Versailles exhibition center<\/h3>\n<p>Located in Issy-les-Moulineaux, in the heart of the city with its many shops and situated a few metres from the subway station Marie d&#8217;Issy (line 12), the Hotel Paris d\u2019Issy 3* offers a relaxing and quiet atmosphere. <\/p>\n<p>Its location of a few minutes\u2019 walk away from the bustle of the Porte de Versailles and its best professional and consumer lounges seduce you, whether you are traveling for business or on a private excursion.<\/p>\n<a href=\"http:\/\/www.parisdissyhotel.com\/en\/location\/\" target=\"_self\" class=\"button primary is-underline expand\"  >\n    <span>See our location<\/span>\n  <\/a>\n\n\n\n\t\t<\/div>\n\t\t\t<\/div>\n\n\t\n\n\t<div id=\"col-1077245776\" class=\"col medium-5 small-12 large-5\"  >\n\t\t<div class=\"col-inner\"  >\n\t\t\t\n\t\t\t\n\n\t<div class=\"img has-hover x md-x lg-x y md-y lg-y\" id=\"image_779735113\">\n\t\t<a class=\"\" href=\"http:\/\/www.parisdissyhotel.com\/en\/gallery\/\"  >\t\t\t\t\t\t<div class=\"img-inner image-grayscale box-shadow-3 dark\" >\n\t\t\t<img decoding=\"async\" width=\"1020\" height=\"680\" src=\"https:\/\/www.parisdissyhotel.com\/wp-content\/uploads\/2020\/08\/photo-parisjpg-1024x683.jpg\" class=\"attachment-large size-large\" alt=\"paris tour eiffel\" srcset=\"https:\/\/www.parisdissyhotel.com\/wp-content\/uploads\/2020\/08\/photo-parisjpg-1024x683.jpg 1024w, https:\/\/www.parisdissyhotel.com\/wp-content\/uploads\/2020\/08\/photo-parisjpg-300x200.jpg 300w, https:\/\/www.parisdissyhotel.com\/wp-content\/uploads\/2020\/08\/photo-parisjpg-768x512.jpg 768w, https:\/\/www.parisdissyhotel.com\/wp-content\/uploads\/2020\/08\/photo-parisjpg.jpg 1080w\" sizes=\"(max-width: 1020px) 100vw, 1020px\" \/>\t\t\t\t\t\t\n\t\t\t\t\t<\/div>\n\t\t\t\t\t\t<\/a>\t\t\n<style>\n#image_779735113 {\n  width: 100%;\n}\n<\/style>\n\t<\/div>\n\t\n\n\n\t\t<\/div>\n\t\t\t<\/div>\n\n\t\n\n<\/div>\n\n\t\t<\/div>\n\n\t\t\n<style>\n#section_1806071458 {\n  padding-top: 0px;\n  padding-bottom: 0px;\n}\n<\/style>\n\t<\/section>\n\t\n\n","protected":false},"excerpt":{"rendered":"","protected":false},"author":1,"featured_media":0,"parent":0,"menu_order":0,"comment_status":"closed","ping_status":"closed","template":"page-transparent-header.php","meta":{"footnotes":""},"class_list":["post-497","page","type-page","status-publish","hentry"],"yoast_head":"<!-- This site is optimized with the Yoast SEO plugin v23.8 - https:\/\/yoast.com\/wordpress\/plugins\/seo\/ -->\n<title>Hotel Paris d&#039;Issy - OPEN - H\u00f4tel Issy Les Moulineaux Paris Porte de Versailles<\/title>\n<meta name=\"description\" content=\"The Paris d&#039;Issy 3 * hotel, hotel in Issy Les Moulineaux Porte de Versailles, Hotel near the Porte de Versailles Salons Exhibition center\" \/>\n<meta name=\"robots\" content=\"index, follow, max-snippet:-1, max-image-preview:large, max-video-preview:-1\" \/>\n<link rel=\"canonical\" href=\"https:\/\/www.parisdissyhotel.com\/en\/\" \/>\n<meta property=\"og:locale\" content=\"en_US\" \/>\n<meta property=\"og:type\" content=\"article\" \/>\n<meta property=\"og:title\" content=\"Hotel Paris d&#039;Issy - OPEN - H\u00f4tel Issy Les Moulineaux Paris Porte de Versailles\" \/>\n<meta property=\"og:description\" content=\"The Paris d&#039;Issy 3 * hotel, hotel in Issy Les Moulineaux Porte de Versailles, Hotel near the Porte de Versailles Salons Exhibition center\" \/>\n<meta property=\"og:url\" content=\"https:\/\/www.parisdissyhotel.com\/en\/\" \/>\n<meta property=\"og:site_name\" content=\"Paris d&#039;Issy H\u00f4tel\" \/>\n<meta property=\"article:modified_time\" content=\"2025-07-10T07:51:19+00:00\" \/>\n<meta name=\"twitter:card\" content=\"summary_large_image\" \/>\n<meta name=\"twitter:label1\" content=\"Est. reading time\" \/>\n\t<meta name=\"twitter:data1\" content=\"2 minutes\" \/>\n<script type=\"application\/ld+json\" class=\"yoast-schema-graph\">{\"@context\":\"https:\/\/schema.org\",\"@graph\":[{\"@type\":\"WebPage\",\"@id\":\"https:\/\/www.parisdissyhotel.com\/en\/\",\"url\":\"https:\/\/www.parisdissyhotel.com\/en\/\",\"name\":\"Hotel Paris d'Issy - OPEN - H\u00f4tel Issy Les Moulineaux Paris Porte de Versailles\",\"isPartOf\":{\"@id\":\"https:\/\/www.parisdissyhotel.com\/#website\"},\"datePublished\":\"2020-06-10T13:20:36+00:00\",\"dateModified\":\"2025-07-10T07:51:19+00:00\",\"description\":\"The Paris d'Issy 3 * hotel, hotel in Issy Les Moulineaux Porte de Versailles, Hotel near the Porte de Versailles Salons Exhibition center\",\"breadcrumb\":{\"@id\":\"https:\/\/www.parisdissyhotel.com\/en\/#breadcrumb\"},\"inLanguage\":\"en-US\",\"potentialAction\":[{\"@type\":\"ReadAction\",\"target\":[\"https:\/\/www.parisdissyhotel.com\/en\/\"]}]},{\"@type\":\"BreadcrumbList\",\"@id\":\"https:\/\/www.parisdissyhotel.com\/en\/#breadcrumb\",\"itemListElement\":[{\"@type\":\"ListItem\",\"position\":1,\"name\":\"Accueil\",\"item\":\"https:\/\/www.parisdissyhotel.com\/en\/\"},{\"@type\":\"ListItem\",\"position\":2,\"name\":\"Accueil\"}]},{\"@type\":\"WebSite\",\"@id\":\"https:\/\/www.parisdissyhotel.com\/#website\",\"url\":\"https:\/\/www.parisdissyhotel.com\/\",\"name\":\"Paris d&#039;Issy H\u00f4tel\",\"description\":\"H\u00f4tel 3 \u00e9toiles Paris Porte de Versailles\",\"potentialAction\":[{\"@type\":\"SearchAction\",\"target\":{\"@type\":\"EntryPoint\",\"urlTemplate\":\"https:\/\/www.parisdissyhotel.com\/?s={search_term_string}\"},\"query-input\":{\"@type\":\"PropertyValueSpecification\",\"valueRequired\":true,\"valueName\":\"search_term_string\"}}],\"inLanguage\":\"en-US\"}]}<\/script>\n<!-- \/ Yoast SEO plugin. -->","yoast_head_json":{"title":"Hotel Paris d'Issy - OPEN - H\u00f4tel Issy Les Moulineaux Paris Porte de Versailles","description":"The Paris d'Issy 3 * hotel, hotel in Issy Les Moulineaux Porte de Versailles, Hotel near the Porte de Versailles Salons Exhibition center","robots":{"index":"index","follow":"follow","max-snippet":"max-snippet:-1","max-image-preview":"max-image-preview:large","max-video-preview":"max-video-preview:-1"},"canonical":"https:\/\/www.parisdissyhotel.com\/en\/","og_locale":"en_US","og_type":"article","og_title":"Hotel Paris d'Issy - OPEN - H\u00f4tel Issy Les Moulineaux Paris Porte de Versailles","og_description":"The Paris d'Issy 3 * hotel, hotel in Issy Les Moulineaux Porte de Versailles, Hotel near the Porte de Versailles Salons Exhibition center","og_url":"https:\/\/www.parisdissyhotel.com\/en\/","og_site_name":"Paris d&#039;Issy H\u00f4tel","article_modified_time":"2025-07-10T07:51:19+00:00","twitter_card":"summary_large_image","twitter_misc":{"Est. reading time":"2 minutes"},"schema":{"@context":"https:\/\/schema.org","@graph":[{"@type":"WebPage","@id":"https:\/\/www.parisdissyhotel.com\/en\/","url":"https:\/\/www.parisdissyhotel.com\/en\/","name":"Hotel Paris d'Issy - OPEN - H\u00f4tel Issy Les Moulineaux Paris Porte de Versailles","isPartOf":{"@id":"https:\/\/www.parisdissyhotel.com\/#website"},"datePublished":"2020-06-10T13:20:36+00:00","dateModified":"2025-07-10T07:51:19+00:00","description":"The Paris d'Issy 3 * hotel, hotel in Issy Les Moulineaux Porte de Versailles, Hotel near the Porte de Versailles Salons Exhibition center","breadcrumb":{"@id":"https:\/\/www.parisdissyhotel.com\/en\/#breadcrumb"},"inLanguage":"en-US","potentialAction":[{"@type":"ReadAction","target":["https:\/\/www.parisdissyhotel.com\/en\/"]}]},{"@type":"BreadcrumbList","@id":"https:\/\/www.parisdissyhotel.com\/en\/#breadcrumb","itemListElement":[{"@type":"ListItem","position":1,"name":"Accueil","item":"https:\/\/www.parisdissyhotel.com\/en\/"},{"@type":"ListItem","position":2,"name":"Accueil"}]},{"@type":"WebSite","@id":"https:\/\/www.parisdissyhotel.com\/#website","url":"https:\/\/www.parisdissyhotel.com\/","name":"Paris d&#039;Issy H\u00f4tel","description":"H\u00f4tel 3 \u00e9toiles Paris Porte de Versailles","potentialAction":[{"@type":"SearchAction","target":{"@type":"EntryPoint","urlTemplate":"https:\/\/www.parisdissyhotel.com\/?s={search_term_string}"},"query-input":{"@type":"PropertyValueSpecification","valueRequired":true,"valueName":"search_term_string"}}],"inLanguage":"en-US"}]}},"_links":{"self":[{"href":"https:\/\/www.parisdissyhotel.com\/en\/wp-json\/wp\/v2\/pages\/497","targetHints":{"allow":["GET"]}}],"collection":[{"href":"https:\/\/www.parisdissyhotel.com\/en\/wp-json\/wp\/v2\/pages"}],"about":[{"href":"https:\/\/www.parisdissyhotel.com\/en\/wp-json\/wp\/v2\/types\/page"}],"author":[{"embeddable":true,"href":"https:\/\/www.parisdissyhotel.com\/en\/wp-json\/wp\/v2\/users\/1"}],"replies":[{"embeddable":true,"href":"https:\/\/www.parisdissyhotel.com\/en\/wp-json\/wp\/v2\/comments?post=497"}],"version-history":[{"count":18,"href":"https:\/\/www.parisdissyhotel.com\/en\/wp-json\/wp\/v2\/pages\/497\/revisions"}],"predecessor-version":[{"id":1237,"href":"https:\/\/www.parisdissyhotel.com\/en\/wp-json\/wp\/v2\/pages\/497\/revisions\/1237"}],"wp:attachment":[{"href":"https:\/\/www.parisdissyhotel.com\/en\/wp-json\/wp\/v2\/media?parent=497"}],"curies":[{"name":"wp","href":"https:\/\/api.w.org\/{rel}","templated":true}]}}